{"id":1325,"date":"2025-08-28T15:19:06","date_gmt":"2025-08-28T15:19:06","guid":{"rendered":"https:\/\/www.latinoutlet.com\/?product=grifo-360"},"modified":"2025-09-02T02:03:19","modified_gmt":"2025-09-02T02:03:19","slug":"grifo-360","status":"publish","type":"product","link":"https:\/\/www.latinoutlet.com\/?product=grifo-360","title":{"rendered":"GRIFO 360"},"content":{"rendered":"<p>EXCELENTE CABEZAL PARA GRIFO DE COCINA DE 360\u00b0, ANTI-SALPICADURA, AHORRADOR DE AGUA Y FILTRO .<br \/>\nTIENE 3 FLUJOS DE SALIDA DE AGUA VAS A TENER 3 FLUJOS DE AGUA DIFERENTES EN 1 SOLA LLAVE.<br \/>\nREDUCE TU CONSUMO DE AGUA HASTA UN 70%<br \/>\nCON EL MOVIMIENTO 360\u00b0 PODR\u00c1S LIMPIAR TODO EN DIFERENTES \u00c1NGULOS Y AS\u00cd LOGRAR MAYOR LIMPIEZA.<\/p>\n","protected":false},"excerpt":{"rendered":"<p>EXCELENTE CABEZAL PARA GRIFO DE COCINA DE 360\u00b0, ANTI-SALPICADURA, AHORRADOR DE AGUA Y FILTRO . TIENE 3 FLUJOS DE SALIDA DE AGUA VAS A TENER 3 FLUJOS DE AGUA DIFERENTES EN 1 SOLA LLAVE. REDUCE TU CONSUMO DE AGUA HASTA UN 70% CON EL MOVIMIENTO 360\u00b0 PODR\u00c1S LIMPIAR TODO EN DIFERENTES \u00c1NGULOS Y AS\u00cd LOGRAR [&hellip;]<\/p>\n","protected":false},"featured_media":1334,"comment_status":"open","ping_status":"closed","template":"","meta":{"pagelayer_contact_templates":[],"_pagelayer_content":""},"product_brand":[],"product_cat":[42,35],"product_tag":[],"class_list":{"0":"post-1325","1":"product","2":"type-product","3":"status-publish","4":"has-post-thumbnail","6":"product_cat-aseo","7":"product_cat-hogar","9":"first","10":"instock","11":"taxable","12":"shipping-taxable","13":"purchasable","14":"product-type-simple"},"aioseo_notices":[],"_links":{"self":[{"href":"https:\/\/www.latinoutlet.com\/index.php?rest_route=\/wp\/v2\/product\/1325","targetHints":{"allow":["GET"]}}],"collection":[{"href":"https:\/\/www.latinoutlet.com\/index.php?rest_route=\/wp\/v2\/product"}],"about":[{"href":"https:\/\/www.latinoutlet.com\/index.php?rest_route=\/wp\/v2\/types\/product"}],"replies":[{"embeddable":true,"href":"https:\/\/www.latinoutlet.com\/index.php?rest_route=%2Fwp%2Fv2%2Fcomments&post=1325"}],"wp:featuredmedia":[{"embeddable":true,"href":"https:\/\/www.latinoutlet.com\/index.php?rest_route=\/wp\/v2\/media\/1334"}],"wp:attachment":[{"href":"https:\/\/www.latinoutlet.com\/index.php?rest_route=%2Fwp%2Fv2%2Fmedia&parent=1325"}],"wp:term":[{"taxonomy":"product_brand","embeddable":true,"href":"https:\/\/www.latinoutlet.com\/index.php?rest_route=%2Fwp%2Fv2%2Fproduct_brand&post=1325"},{"taxonomy":"product_cat","embeddable":true,"href":"https:\/\/www.latinoutlet.com\/index.php?rest_route=%2Fwp%2Fv2%2Fproduct_cat&post=1325"},{"taxonomy":"product_tag","embeddable":true,"href":"https:\/\/www.latinoutlet.com\/index.php?rest_route=%2Fwp%2Fv2%2Fproduct_tag&post=1325"}],"curies":[{"name":"wp","href":"https:\/\/api.w.org\/{rel}","templated":true}]}}