{"id":1677,"date":"2025-08-28T17:26:11","date_gmt":"2025-08-28T17:26:11","guid":{"rendered":"https:\/\/www.latinoutlet.com\/?product=shock-pads"},"modified":"2025-09-01T16:20:16","modified_gmt":"2025-09-01T16:20:16","slug":"shock-pads","status":"publish","type":"product","link":"https:\/\/www.latinoutlet.com\/?product=shock-pads","title":{"rendered":"SHOCK PADS"},"content":{"rendered":"<p>Movimiento restringido<\/p>\n<p>Cuando la secadora o la lavadora se agite completamente o los muebles se muevan, har\u00e1n ruidos desagradables. Estos c\u00f3modos y compactos cojines pueden reducir eficazmente el ruido, crear un ambiente c\u00f3modo y evitar que los vecinos se quejan.<\/p>\n<p>F\u00e1cil de instalar<\/p>\n<p>La raz\u00f3n por la que estas alfombrillas son tan buenas es inseparable de su facilidad de instalaci\u00f3n. Simplemente coloque los pies de soporte de los muebles y electrodom\u00e9sticos en la alfombra para completar la instalaci\u00f3n.<\/p>\n<p>Detener hasta el 94.7% de la vibraci\u00f3n<\/p>\n<p>Estos accesorios antivibraci\u00f3n pueden absorber hasta un 94.7% de vibraci\u00f3n en suelo plano, que ser\u00e1 diferente cuando el suelo es desigual. Otras alfombrillas comerciales de pl\u00e1stico o goma no pueden proporcionar el mismo nivel de silencio o que estas alfombrillas.<\/p>\n<p>El beneficio del aumento<\/p>\n<p>Levante los muebles y electrodom\u00e9sticos en unos pocos cent\u00edmetros para facilitar la limpieza y encontrar cosas en el suelo, evitando eficazmente la humedad y el moho.<\/p>\n<p>Especificaciones:<\/p>\n<p>Materiales: caucho + TPU + pl\u00e1stico<\/p>\n<p>Color: gris<\/p>\n<p>Tama\u00f1o: como se muestra<\/p>\n","protected":false},"excerpt":{"rendered":"<p>Movimiento restringido Cuando la secadora o la lavadora se agite completamente o los muebles se muevan, har\u00e1n ruidos desagradables. Estos c\u00f3modos y compactos cojines pueden reducir eficazmente el ruido, crear un ambiente c\u00f3modo y evitar que los vecinos se quejan. F\u00e1cil de instalar La raz\u00f3n por la que estas alfombrillas son tan buenas es inseparable [&hellip;]<\/p>\n","protected":false},"featured_media":1683,"comment_status":"open","ping_status":"closed","template":"","meta":{"pagelayer_contact_templates":[],"_pagelayer_content":""},"product_brand":[],"product_cat":[35],"product_tag":[],"class_list":{"0":"post-1677","1":"product","2":"type-product","3":"status-publish","4":"has-post-thumbnail","6":"product_cat-hogar","8":"first","9":"instock","10":"taxable","11":"shipping-taxable","12":"purchasable","13":"product-type-simple"},"aioseo_notices":[],"_links":{"self":[{"href":"https:\/\/www.latinoutlet.com\/index.php?rest_route=\/wp\/v2\/product\/1677","targetHints":{"allow":["GET"]}}],"collection":[{"href":"https:\/\/www.latinoutlet.com\/index.php?rest_route=\/wp\/v2\/product"}],"about":[{"href":"https:\/\/www.latinoutlet.com\/index.php?rest_route=\/wp\/v2\/types\/product"}],"replies":[{"embeddable":true,"href":"https:\/\/www.latinoutlet.com\/index.php?rest_route=%2Fwp%2Fv2%2Fcomments&post=1677"}],"wp:featuredmedia":[{"embeddable":true,"href":"https:\/\/www.latinoutlet.com\/index.php?rest_route=\/wp\/v2\/media\/1683"}],"wp:attachment":[{"href":"https:\/\/www.latinoutlet.com\/index.php?rest_route=%2Fwp%2Fv2%2Fmedia&parent=1677"}],"wp:term":[{"taxonomy":"product_brand","embeddable":true,"href":"https:\/\/www.latinoutlet.com\/index.php?rest_route=%2Fwp%2Fv2%2Fproduct_brand&post=1677"},{"taxonomy":"product_cat","embeddable":true,"href":"https:\/\/www.latinoutlet.com\/index.php?rest_route=%2Fwp%2Fv2%2Fproduct_cat&post=1677"},{"taxonomy":"product_tag","embeddable":true,"href":"https:\/\/www.latinoutlet.com\/index.php?rest_route=%2Fwp%2Fv2%2Fproduct_tag&post=1677"}],"curies":[{"name":"wp","href":"https:\/\/api.w.org\/{rel}","templated":true}]}}