{"id":1871,"date":"2025-08-30T03:20:10","date_gmt":"2025-08-30T03:20:10","guid":{"rendered":"https:\/\/www.latinoutlet.com\/?product=brasier-conejo"},"modified":"2025-09-02T02:11:48","modified_gmt":"2025-09-02T02:11:48","slug":"brasier-conejo","status":"publish","type":"product","link":"https:\/\/www.latinoutlet.com\/?product=brasier-conejo","title":{"rendered":"BRASIER CONEJO"},"content":{"rendered":"<p>Sujetador reutilizable de alta calidad sin tirantes para mujer.<\/p>\n<p>\u2022 Hecho de silicona m\u00e9dica autoadhesiva, amigable con la piel, no deja rastro en su piel despu\u00e9s de la extracci\u00f3n.<\/p>\n<p>\u2022 Las exclusivas 2 alas laterales empujan hacia arriba el pecho y proporcionan una apariencia suave mientras sostienen y mejoran su forma, creando un empuje visible hacia arriba y levante en el \u00e1rea del busto, dando a su busto una mejor apariencia<\/p>\n<p>Antes de cada postura aseg\u00farese que su busto este limpio y seco, libre de cremas o aceites<\/p>\n<p>Luego de usarlo debe colocarlo dentro de su caja con su adhesivo protector.<\/p>\n","protected":false},"excerpt":{"rendered":"<p>Sujetador reutilizable de alta calidad sin tirantes para mujer. \u2022 Hecho de silicona m\u00e9dica autoadhesiva, amigable con la piel, no deja rastro en su piel despu\u00e9s de la extracci\u00f3n. \u2022 Las exclusivas 2 alas laterales empujan hacia arriba el pecho y proporcionan una apariencia suave mientras sostienen y mejoran su forma, creando un empuje visible [&hellip;]<\/p>\n","protected":false},"featured_media":1882,"comment_status":"open","ping_status":"closed","template":"","meta":{"pagelayer_contact_templates":[],"_pagelayer_content":""},"product_brand":[],"product_cat":[30],"product_tag":[],"class_list":{"0":"post-1871","1":"product","2":"type-product","3":"status-publish","4":"has-post-thumbnail","6":"product_cat-belleza","8":"first","9":"instock","10":"taxable","11":"shipping-taxable","12":"purchasable","13":"product-type-variable"},"aioseo_notices":[],"_links":{"self":[{"href":"https:\/\/www.latinoutlet.com\/index.php?rest_route=\/wp\/v2\/product\/1871","targetHints":{"allow":["GET"]}}],"collection":[{"href":"https:\/\/www.latinoutlet.com\/index.php?rest_route=\/wp\/v2\/product"}],"about":[{"href":"https:\/\/www.latinoutlet.com\/index.php?rest_route=\/wp\/v2\/types\/product"}],"replies":[{"embeddable":true,"href":"https:\/\/www.latinoutlet.com\/index.php?rest_route=%2Fwp%2Fv2%2Fcomments&post=1871"}],"wp:featuredmedia":[{"embeddable":true,"href":"https:\/\/www.latinoutlet.com\/index.php?rest_route=\/wp\/v2\/media\/1882"}],"wp:attachment":[{"href":"https:\/\/www.latinoutlet.com\/index.php?rest_route=%2Fwp%2Fv2%2Fmedia&parent=1871"}],"wp:term":[{"taxonomy":"product_brand","embeddable":true,"href":"https:\/\/www.latinoutlet.com\/index.php?rest_route=%2Fwp%2Fv2%2Fproduct_brand&post=1871"},{"taxonomy":"product_cat","embeddable":true,"href":"https:\/\/www.latinoutlet.com\/index.php?rest_route=%2Fwp%2Fv2%2Fproduct_cat&post=1871"},{"taxonomy":"product_tag","embeddable":true,"href":"https:\/\/www.latinoutlet.com\/index.php?rest_route=%2Fwp%2Fv2%2Fproduct_tag&post=1871"}],"curies":[{"name":"wp","href":"https:\/\/api.w.org\/{rel}","templated":true}]}}