{"id":1922,"date":"2025-08-30T03:30:26","date_gmt":"2025-08-30T03:30:26","guid":{"rendered":"https:\/\/www.latinoutlet.com\/?product=parche-de-ombligo-slimpatch"},"modified":"2025-09-01T15:52:57","modified_gmt":"2025-09-01T15:52:57","slug":"parche-de-ombligo-slimpatch","status":"publish","type":"product","link":"https:\/\/www.latinoutlet.com\/?product=parche-de-ombligo-slimpatch","title":{"rendered":"PARCHE DE OMBLIGO SLIMPATCH"},"content":{"rendered":"<p>Caracter\u00edsticas:<\/p>\n<p>Parche Delgado 1.100% original y de alta calidad.<\/p>\n<p>2. Probado como una forma altamente efectiva de perder peso.<\/p>\n<p>3. Funciona con cuerpos propios del sistema endocrino.<\/p>\n<p>4. Probado como una forma altamente efectiva de perder peso.<\/p>\n<p>5. Bloquea activamente la absorci\u00f3n de m\u00e1s grasas, aumenta la circulaci\u00f3n sangu\u00ednea y elimina las toxinas que se han incorporado en el cuerpo.<\/p>\n<p>Uso m\u00e9todo:<\/p>\n<p>1. Pegar directamente en el ombligo, es mejor usar una toalla caliente antes de pegar, m\u00e1s propicio para la absorci\u00f3n<\/p>\n<p>2. Si tu piel es sensible al adhesivo, puedes aplicar algo de humedad alrededor del ombligo antes de usar la crema para la piel, el problema b\u00e1sico que se puede resolver con alergias.<\/p>\n<p>3. Usar 1 Unidad por d\u00eda. Recomendado para usar por la noche, el tiempo de uso es de aproximadamente 8-12 horas es perfecto<\/p>\n<p>4. P\u00e9rdida de peso para todas las pieles, tambi\u00e9n combinado con ejercicio y mantener una dieta saludable, ese es el punto.<\/p>\n","protected":false},"excerpt":{"rendered":"<p>Caracter\u00edsticas: Parche Delgado 1.100% original y de alta calidad. 2. Probado como una forma altamente efectiva de perder peso. 3. Funciona con cuerpos propios del sistema endocrino. 4. Probado como una forma altamente efectiva de perder peso. 5. Bloquea activamente la absorci\u00f3n de m\u00e1s grasas, aumenta la circulaci\u00f3n sangu\u00ednea y elimina las toxinas que se [&hellip;]<\/p>\n","protected":false},"featured_media":1928,"comment_status":"open","ping_status":"closed","template":"","meta":{"pagelayer_contact_templates":[],"_pagelayer_content":""},"product_brand":[],"product_cat":[30],"product_tag":[],"class_list":{"0":"post-1922","1":"product","2":"type-product","3":"status-publish","4":"has-post-thumbnail","6":"product_cat-belleza","8":"first","9":"instock","10":"taxable","11":"shipping-taxable","12":"purchasable","13":"product-type-simple"},"aioseo_notices":[],"_links":{"self":[{"href":"https:\/\/www.latinoutlet.com\/index.php?rest_route=\/wp\/v2\/product\/1922","targetHints":{"allow":["GET"]}}],"collection":[{"href":"https:\/\/www.latinoutlet.com\/index.php?rest_route=\/wp\/v2\/product"}],"about":[{"href":"https:\/\/www.latinoutlet.com\/index.php?rest_route=\/wp\/v2\/types\/product"}],"replies":[{"embeddable":true,"href":"https:\/\/www.latinoutlet.com\/index.php?rest_route=%2Fwp%2Fv2%2Fcomments&post=1922"}],"wp:featuredmedia":[{"embeddable":true,"href":"https:\/\/www.latinoutlet.com\/index.php?rest_route=\/wp\/v2\/media\/1928"}],"wp:attachment":[{"href":"https:\/\/www.latinoutlet.com\/index.php?rest_route=%2Fwp%2Fv2%2Fmedia&parent=1922"}],"wp:term":[{"taxonomy":"product_brand","embeddable":true,"href":"https:\/\/www.latinoutlet.com\/index.php?rest_route=%2Fwp%2Fv2%2Fproduct_brand&post=1922"},{"taxonomy":"product_cat","embeddable":true,"href":"https:\/\/www.latinoutlet.com\/index.php?rest_route=%2Fwp%2Fv2%2Fproduct_cat&post=1922"},{"taxonomy":"product_tag","embeddable":true,"href":"https:\/\/www.latinoutlet.com\/index.php?rest_route=%2Fwp%2Fv2%2Fproduct_tag&post=1922"}],"curies":[{"name":"wp","href":"https:\/\/api.w.org\/{rel}","templated":true}]}}