{"id":2181,"date":"2025-08-30T04:54:28","date_gmt":"2025-08-30T04:54:28","guid":{"rendered":"https:\/\/www.latinoutlet.com\/?product=ejercitador-de-pies"},"modified":"2025-09-02T01:27:12","modified_gmt":"2025-09-02T01:27:12","slug":"ejercitador-de-pies","status":"publish","type":"product","link":"https:\/\/www.latinoutlet.com\/?product=ejercitador-de-pies","title":{"rendered":"EJERCITADOR DE PIES"},"content":{"rendered":"<p>Especificaci\u00f3n:<\/p>\n<p>Nombre del producto: Separador de dedos<\/p>\n<p>Material: Abdominales<\/p>\n<p>Tama\u00f1o: 11 X 10 X 6 cm\/4,3 X 3,9 X 2,4 pulgadas<\/p>\n<p>Color: rosa, azul (opcional)<\/p>\n<p>Funci\u00f3n: mejorar los juanetes, aliviar el dolor, Crea Piernas Sexy, Etc<\/p>\n<p>Cantidad: 1 Par<\/p>\n<p>Nota\uff1a<\/p>\n<p>1. Debido a la diferencia entre diferentes monitores, es posible que la imagen no refleje el color real del art\u00edculo. $2. Permita una ligera diferencia de dimensi\u00f3n debido a las diferentes medidas manuales. Gracias por su comprensi\u00f3n.<\/p>\n<p>Paquete que incluye:<\/p>\n<p>1 par de separadores de dedos<\/p>\n<p>[Material ABS seguro] El separador de dedos est\u00e1 hecho de material ABS de alta calidad, suave y duradero, no es f\u00e1cil de romper y deformar. El material suave te har\u00e1 sentir c\u00f3modo y no irrita la piel.<\/p>\n","protected":false},"excerpt":{"rendered":"<p>Especificaci\u00f3n: Nombre del producto: Separador de dedos Material: Abdominales Tama\u00f1o: 11 X 10 X 6 cm\/4,3 X 3,9 X 2,4 pulgadas Color: rosa, azul (opcional) Funci\u00f3n: mejorar los juanetes, aliviar el dolor, Crea Piernas Sexy, Etc Cantidad: 1 Par Nota\uff1a 1. Debido a la diferencia entre diferentes monitores, es posible que la imagen no refleje [&hellip;]<\/p>\n","protected":false},"featured_media":2187,"comment_status":"open","ping_status":"closed","template":"","meta":{"pagelayer_contact_templates":[],"_pagelayer_content":""},"product_brand":[],"product_cat":[48],"product_tag":[],"class_list":{"0":"post-2181","1":"product","2":"type-product","3":"status-publish","4":"has-post-thumbnail","6":"product_cat-bienestar","8":"first","9":"instock","10":"taxable","11":"shipping-taxable","12":"purchasable","13":"product-type-simple"},"aioseo_notices":[],"_links":{"self":[{"href":"https:\/\/www.latinoutlet.com\/index.php?rest_route=\/wp\/v2\/product\/2181","targetHints":{"allow":["GET"]}}],"collection":[{"href":"https:\/\/www.latinoutlet.com\/index.php?rest_route=\/wp\/v2\/product"}],"about":[{"href":"https:\/\/www.latinoutlet.com\/index.php?rest_route=\/wp\/v2\/types\/product"}],"replies":[{"embeddable":true,"href":"https:\/\/www.latinoutlet.com\/index.php?rest_route=%2Fwp%2Fv2%2Fcomments&post=2181"}],"wp:featuredmedia":[{"embeddable":true,"href":"https:\/\/www.latinoutlet.com\/index.php?rest_route=\/wp\/v2\/media\/2187"}],"wp:attachment":[{"href":"https:\/\/www.latinoutlet.com\/index.php?rest_route=%2Fwp%2Fv2%2Fmedia&parent=2181"}],"wp:term":[{"taxonomy":"product_brand","embeddable":true,"href":"https:\/\/www.latinoutlet.com\/index.php?rest_route=%2Fwp%2Fv2%2Fproduct_brand&post=2181"},{"taxonomy":"product_cat","embeddable":true,"href":"https:\/\/www.latinoutlet.com\/index.php?rest_route=%2Fwp%2Fv2%2Fproduct_cat&post=2181"},{"taxonomy":"product_tag","embeddable":true,"href":"https:\/\/www.latinoutlet.com\/index.php?rest_route=%2Fwp%2Fv2%2Fproduct_tag&post=2181"}],"curies":[{"name":"wp","href":"https:\/\/api.w.org\/{rel}","templated":true}]}}