{"id":2336,"date":"2025-09-02T16:02:39","date_gmt":"2025-09-02T16:02:39","guid":{"rendered":"https:\/\/www.latinoutlet.com\/?product=media-coperfit"},"modified":"2025-09-02T16:04:02","modified_gmt":"2025-09-02T16:04:02","slug":"media-coperfit","status":"publish","type":"product","link":"https:\/\/www.latinoutlet.com\/?product=media-coperfit","title":{"rendered":"MEDIA COPERFIT"},"content":{"rendered":"<p>Descripci\u00f3n<\/p>\n<p>Medias de compresi\u00f3n que brindan alivio instant\u00e1neo a su arco y tal\u00f3n mediante un soporte de compresi\u00f3n que proporciona el m\u00e1ximo impulso a la circulaci\u00f3n sangu\u00ednea. Una mejor circulaci\u00f3n de ox\u00edgeno ayuda a reducir la acumulaci\u00f3n de \u00e1cido l\u00e1ctico y ayuda a la recuperaci\u00f3n muscular en el tobillo y los pies, incluyendo el tal\u00f3n y el arco.<\/p>\n<p>Las fundas de compresi\u00f3n infundidas con cobre de alto rendimiento con bandas de kinesiolog\u00eda incorporadas le brindan la asistencia que necesita para triunfar<\/p>\n<p>Las bandas de Kinesiolog\u00eda proporcionan compresi\u00f3n dirigida y soporte din\u00e1mico<\/p>\n<p>Los iones de cobre ligados al nivel de fibra durante la fabricaci\u00f3n ayudan a reducir los olores<\/p>\n<p>Ayuda a reducir el tiempo de recuperaci\u00f3n de los m\u00fasculos y ayuda a mejorar la circulaci\u00f3n y la oxigenaci\u00f3n de los m\u00fasculos que trabajan. Consulte la tabla de tama\u00f1os para un ajuste perfecto<\/p>\n<p>PANTORRILLERAS ORTOP\u00c9DICAS EL\u00c1STICAS \/ SOPORTE DE PANTORRILLA \/ MEDIAS DE COMPRESI\u00d3N<\/p>\n<p>Proporciona soporte de compresi\u00f3n, firmeza y apoyo constante a m\u00fasculos y articulaciones<\/p>\n<p>Ayuda a mejorar la circulaci\u00f3n sangu\u00ednea<\/p>\n<p>Excelente para usar en la mayor\u00eda de actividades deportivas, as\u00ed como para uso diario<\/p>\n<p>Ideal para prevenir lesiones mientras practica su deporte favorito: F\u00fatbol, Tenis, Voleibol, B\u00e1squetbol \/ Baloncesto, Crossfit, Trote, Caminatas, Running, entre otros<\/p>\n<p>Protege y evita lesiones en la zona protegida<\/p>\n<p>Brinda seguridad soporte y confort<\/p>\n<p>Recomendadas en tratamientos post-operatorios<\/p>\n<p>MATERIAL: El\u00e1stico, 40% Nylon \u2013 30% Poli\u00e9ster \u2013 30% L\u00e1tex<\/p>\n","protected":false},"excerpt":{"rendered":"<p>Descripci\u00f3n Medias de compresi\u00f3n que brindan alivio instant\u00e1neo a su arco y tal\u00f3n mediante un soporte de compresi\u00f3n que proporciona el m\u00e1ximo impulso a la circulaci\u00f3n sangu\u00ednea. Una mejor circulaci\u00f3n de ox\u00edgeno ayuda a reducir la acumulaci\u00f3n de \u00e1cido l\u00e1ctico y ayuda a la recuperaci\u00f3n muscular en el tobillo y los pies, incluyendo el tal\u00f3n [&hellip;]<\/p>\n","protected":false},"featured_media":2344,"comment_status":"open","ping_status":"closed","template":"","meta":{"pagelayer_contact_templates":[],"_pagelayer_content":""},"product_brand":[],"product_cat":[48],"product_tag":[],"class_list":{"0":"post-2336","1":"product","2":"type-product","3":"status-publish","4":"has-post-thumbnail","6":"product_cat-bienestar","8":"first","9":"instock","10":"taxable","11":"shipping-taxable","12":"purchasable","13":"product-type-variable"},"aioseo_notices":[],"_links":{"self":[{"href":"https:\/\/www.latinoutlet.com\/index.php?rest_route=\/wp\/v2\/product\/2336","targetHints":{"allow":["GET"]}}],"collection":[{"href":"https:\/\/www.latinoutlet.com\/index.php?rest_route=\/wp\/v2\/product"}],"about":[{"href":"https:\/\/www.latinoutlet.com\/index.php?rest_route=\/wp\/v2\/types\/product"}],"replies":[{"embeddable":true,"href":"https:\/\/www.latinoutlet.com\/index.php?rest_route=%2Fwp%2Fv2%2Fcomments&post=2336"}],"wp:featuredmedia":[{"embeddable":true,"href":"https:\/\/www.latinoutlet.com\/index.php?rest_route=\/wp\/v2\/media\/2344"}],"wp:attachment":[{"href":"https:\/\/www.latinoutlet.com\/index.php?rest_route=%2Fwp%2Fv2%2Fmedia&parent=2336"}],"wp:term":[{"taxonomy":"product_brand","embeddable":true,"href":"https:\/\/www.latinoutlet.com\/index.php?rest_route=%2Fwp%2Fv2%2Fproduct_brand&post=2336"},{"taxonomy":"product_cat","embeddable":true,"href":"https:\/\/www.latinoutlet.com\/index.php?rest_route=%2Fwp%2Fv2%2Fproduct_cat&post=2336"},{"taxonomy":"product_tag","embeddable":true,"href":"https:\/\/www.latinoutlet.com\/index.php?rest_route=%2Fwp%2Fv2%2Fproduct_tag&post=2336"}],"curies":[{"name":"wp","href":"https:\/\/api.w.org\/{rel}","templated":true}]}}