{"id":2527,"date":"2025-09-04T04:07:23","date_gmt":"2025-09-04T04:07:23","guid":{"rendered":"https:\/\/www.latinoutlet.com\/?product=medias-linfaticas"},"modified":"2025-09-04T04:08:29","modified_gmt":"2025-09-04T04:08:29","slug":"medias-linfaticas","status":"publish","type":"product","link":"https:\/\/www.latinoutlet.com\/?product=medias-linfaticas","title":{"rendered":"MEDIAS LINF\u00c1TICAS"},"content":{"rendered":"<p>Calcetines de masaje con autocalentamiento antideslizantes, calcetines de masaje de salud para terapia c\u00e1lida de invierno, c\u00f3modo soporte de arco antifatiga para mujeres y hombres, Camping, senderismo, esqu\u00ed<\/p>\n<p>Caracter\u00edstica:<\/p>\n<p>1. Calcetines autocalentables:Los calcetines pueden aliviar la fatiga y el dolor de los pies, regular el sistema nervioso, autocalentarse, eliminar la humedad y el olor, eliminar la hinchaz\u00f3n y descamaci\u00f3n de la piel de las piernas y los pies, generar masaje est\u00e1tico en los pies y regular el flujo sangu\u00edneo.<\/p>\n<p>2. Mantenga los pies calientes:Calcetines t\u00e9rmicos de calentamiento de invierno para hombres y mujeres, la parte inferior de los calcetines tiene un dise\u00f1o de turmalina que puede calentarse para mantener los pies calientes en cualquier momento y en cualquier lugar. Si usa nuestros calcetines de turmalina mientras camina, puede disfrutar de una nueva vitalidad y comodidad.<\/p>\n<p>3. Masaje de pies:Utiliza puntos calientes naturales de alta calidad, elimina la humedad y los olores. Para estimular los puntos de acupuntura de los pies para lograr un efecto de masaje, aliviar la fatiga de las piernas y regular la circulaci\u00f3n sangu\u00ednea. Usar calcetines de turmalina al caminar es una forma natural y relajante de masajear los pies.<\/p>\n<p>4.Ideal para actividades al aire libre:Mantenga sus pies calientes en climas fr\u00edos. Ideal para escalada, esqu\u00ed, pesca de invierno, jogging, caza de invierno, ciclismo, senderismo, hockey sobre hielo y pala de nieve, etc.<\/p>\n<p>5.Material:Hecho de tela de algod\u00f3n de alta resistencia, suave, el\u00e1stica y c\u00f3moda. Se adapta a la mayor\u00eda de los hombres y mujeres. Mantenga los pies calientes en climas fr\u00edos.<\/p>\n","protected":false},"excerpt":{"rendered":"<p>Calcetines de masaje con autocalentamiento antideslizantes, calcetines de masaje de salud para terapia c\u00e1lida de invierno, c\u00f3modo soporte de arco antifatiga para mujeres y hombres, Camping, senderismo, esqu\u00ed Caracter\u00edstica: 1. Calcetines autocalentables:Los calcetines pueden aliviar la fatiga y el dolor de los pies, regular el sistema nervioso, autocalentarse, eliminar la humedad y el olor, eliminar [&hellip;]<\/p>\n","protected":false},"featured_media":2536,"comment_status":"open","ping_status":"closed","template":"","meta":{"pagelayer_contact_templates":[],"_pagelayer_content":""},"product_brand":[],"product_cat":[30],"product_tag":[],"class_list":{"0":"post-2527","1":"product","2":"type-product","3":"status-publish","4":"has-post-thumbnail","6":"product_cat-belleza","8":"first","9":"instock","10":"taxable","11":"shipping-taxable","12":"purchasable","13":"product-type-variable"},"aioseo_notices":[],"_links":{"self":[{"href":"https:\/\/www.latinoutlet.com\/index.php?rest_route=\/wp\/v2\/product\/2527","targetHints":{"allow":["GET"]}}],"collection":[{"href":"https:\/\/www.latinoutlet.com\/index.php?rest_route=\/wp\/v2\/product"}],"about":[{"href":"https:\/\/www.latinoutlet.com\/index.php?rest_route=\/wp\/v2\/types\/product"}],"replies":[{"embeddable":true,"href":"https:\/\/www.latinoutlet.com\/index.php?rest_route=%2Fwp%2Fv2%2Fcomments&post=2527"}],"wp:featuredmedia":[{"embeddable":true,"href":"https:\/\/www.latinoutlet.com\/index.php?rest_route=\/wp\/v2\/media\/2536"}],"wp:attachment":[{"href":"https:\/\/www.latinoutlet.com\/index.php?rest_route=%2Fwp%2Fv2%2Fmedia&parent=2527"}],"wp:term":[{"taxonomy":"product_brand","embeddable":true,"href":"https:\/\/www.latinoutlet.com\/index.php?rest_route=%2Fwp%2Fv2%2Fproduct_brand&post=2527"},{"taxonomy":"product_cat","embeddable":true,"href":"https:\/\/www.latinoutlet.com\/index.php?rest_route=%2Fwp%2Fv2%2Fproduct_cat&post=2527"},{"taxonomy":"product_tag","embeddable":true,"href":"https:\/\/www.latinoutlet.com\/index.php?rest_route=%2Fwp%2Fv2%2Fproduct_tag&post=2527"}],"curies":[{"name":"wp","href":"https:\/\/api.w.org\/{rel}","templated":true}]}}