{"id":2708,"date":"2025-09-04T05:36:53","date_gmt":"2025-09-04T05:36:53","guid":{"rendered":"https:\/\/www.latinoutlet.com\/?product=body-para-escotes-beige-l-xl"},"modified":"2025-09-04T05:38:17","modified_gmt":"2025-09-04T05:38:17","slug":"body-para-escotes-beige-l-xl","status":"publish","type":"product","link":"https:\/\/www.latinoutlet.com\/?product=body-para-escotes-beige-l-xl","title":{"rendered":"BODY PARA ESCOTES BEIGE L-XL"},"content":{"rendered":"<p>Descripci\u00f3n del producto<br \/>\nBody sin costuras para mujer, ropa interior, lencer\u00eda invisible, sujetador adelgazante, moldeador corporal<br \/>\nNuestros mamelucos moldeadores para mujer tienen 2 correas el\u00e1sticas, ayudan a aliviar la presi\u00f3n de los hombros, no dejan marcas de exceso de presi\u00f3n, te permiten sentirte m\u00e1s c\u00f3moda y mantenerte en forma.<br \/>\nEste body moldeador ayuda a apretar tu parte inferior y levantar tus gl\u00fateos, te da las encantadoras curvas que quieres, hace que tu trasero se vea m\u00e1s grande, sexy y m\u00e1s hermoso.<br \/>\nEl moldeador sin mangas est\u00e1 hecho de tela fina s\u00faper el\u00e1stica, es c\u00f3modo, suave y transpirable para adaptarse perfectamente a tu cuerpo.<br \/>\nLa faja moldeadora del body est\u00e1 dise\u00f1ada para dar forma especial a la secci\u00f3n media con un control firme de abdomen para enfatizar tus curvas naturales. El dise\u00f1o de cintura alta reduce la cintura creando una silueta femenina m\u00e1s delgada. Est\u00e1 dise\u00f1ado para darte una curva m\u00e1s suave que te ayuda a lucir genial en vestidos.<br \/>\nNombre del producto: Shaping Bodysuits<br \/>\nCaracter\u00edsticas: c\u00f3modo, transpirable, ajuste delgado, el\u00e1stico.<br \/>\nMaterial: poli\u00e9ster.<br \/>\nCuidado de la ropa: lavar a m\u00e1quina o a mano.<br \/>\nOcasi\u00f3n: fiesta, boda, playa, fiesta, oficina, uso diario.<br \/>\nTemporada: primavera, verano, oto\u00f1o e invierno.<br \/>\nEstilo: moda<br \/>\nContenido del paquete: 1 body moldeador.<br \/>\nAviso:<br \/>\nSi tienes alguna pregunta sobre nuestros productos, env\u00edanos una pregunta directamente, y responderemos tus preguntas en un plazo de 24 horas.<\/p>\n","protected":false},"excerpt":{"rendered":"<p>Descripci\u00f3n del producto Body sin costuras para mujer, ropa interior, lencer\u00eda invisible, sujetador adelgazante, moldeador corporal Nuestros mamelucos moldeadores para mujer tienen 2 correas el\u00e1sticas, ayudan a aliviar la presi\u00f3n de los hombros, no dejan marcas de exceso de presi\u00f3n, te permiten sentirte m\u00e1s c\u00f3moda y mantenerte en forma. Este body moldeador ayuda a apretar [&hellip;]<\/p>\n","protected":false},"featured_media":2713,"comment_status":"open","ping_status":"closed","template":"","meta":{"pagelayer_contact_templates":[],"_pagelayer_content":""},"product_brand":[],"product_cat":[48],"product_tag":[],"class_list":{"0":"post-2708","1":"product","2":"type-product","3":"status-publish","4":"has-post-thumbnail","6":"product_cat-bienestar","8":"first","9":"instock","10":"taxable","11":"shipping-taxable","12":"purchasable","13":"product-type-simple"},"aioseo_notices":[],"_links":{"self":[{"href":"https:\/\/www.latinoutlet.com\/index.php?rest_route=\/wp\/v2\/product\/2708","targetHints":{"allow":["GET"]}}],"collection":[{"href":"https:\/\/www.latinoutlet.com\/index.php?rest_route=\/wp\/v2\/product"}],"about":[{"href":"https:\/\/www.latinoutlet.com\/index.php?rest_route=\/wp\/v2\/types\/product"}],"replies":[{"embeddable":true,"href":"https:\/\/www.latinoutlet.com\/index.php?rest_route=%2Fwp%2Fv2%2Fcomments&post=2708"}],"wp:featuredmedia":[{"embeddable":true,"href":"https:\/\/www.latinoutlet.com\/index.php?rest_route=\/wp\/v2\/media\/2713"}],"wp:attachment":[{"href":"https:\/\/www.latinoutlet.com\/index.php?rest_route=%2Fwp%2Fv2%2Fmedia&parent=2708"}],"wp:term":[{"taxonomy":"product_brand","embeddable":true,"href":"https:\/\/www.latinoutlet.com\/index.php?rest_route=%2Fwp%2Fv2%2Fproduct_brand&post=2708"},{"taxonomy":"product_cat","embeddable":true,"href":"https:\/\/www.latinoutlet.com\/index.php?rest_route=%2Fwp%2Fv2%2Fproduct_cat&post=2708"},{"taxonomy":"product_tag","embeddable":true,"href":"https:\/\/www.latinoutlet.com\/index.php?rest_route=%2Fwp%2Fv2%2Fproduct_tag&post=2708"}],"curies":[{"name":"wp","href":"https:\/\/api.w.org\/{rel}","templated":true}]}}