{"id":2723,"date":"2025-09-04T05:41:00","date_gmt":"2025-09-04T05:41:00","guid":{"rendered":"https:\/\/www.latinoutlet.com\/?product=faja-mascarilla-de-tela"},"modified":"2025-09-04T05:42:11","modified_gmt":"2025-09-04T05:42:11","slug":"faja-mascarilla-de-tela","status":"publish","type":"product","link":"https:\/\/www.latinoutlet.com\/?product=faja-mascarilla-de-tela","title":{"rendered":"FAJA MASCARILLA DE TELA"},"content":{"rendered":"<p>M\u00e1scara de adelgazamiento facial Mascarilla de levantamiento de mejillas M\u00e1scara de vendaje en forma de cara en V<\/p>\n<p>Caracter\u00edsticas de la correa: . Siente una presi\u00f3n c\u00f3moda, suave y continua. .<\/p>\n<p>Reduzca las arrugas, prevenga el envejecimiento de la cara .<\/p>\n<p>Ayuda a levantar la cara y dar forma a la cara en V, haz que tu aspecto sea m\u00e1s hermoso. . Adecuado para uso en el hogar, ba\u00f1o, tareas dom\u00e9sticas o actividades en interiores. .<\/p>\n<p>Dise\u00f1o de oreja hueca humanizada, ajuste de hebilla suave, f\u00e1cil de usar y c\u00f3modo. Descripci\u00f3n:<\/p>\n<p>Hecho de material de calidad, es seguro y duradero durante mucho tiempo. .<\/p>\n<p>Buena transpirabilidad y sensaci\u00f3n c\u00f3moda en la piel.<\/p>\n<p>Especificaciones:<\/p>\n<p>Material: poli\u00e9ster<\/p>\n<p>Tama\u00f1o Per\u00edmetro de la cabeza\/Barbilla a la parte superior de la cabeza (per\u00edmetro)\/Per\u00edmetro del cuello M 63 cm 53 cm 32 cm L 66 cm 56 cm 35 cm XL 70 cm 58 cm 37 cm<\/p>\n<p>Color: color de la piel<\/p>\n<p>Paquete incluido: 1 x mascarilla adelgazante facial<\/p>\n","protected":false},"excerpt":{"rendered":"<p>M\u00e1scara de adelgazamiento facial Mascarilla de levantamiento de mejillas M\u00e1scara de vendaje en forma de cara en V Caracter\u00edsticas de la correa: . Siente una presi\u00f3n c\u00f3moda, suave y continua. . Reduzca las arrugas, prevenga el envejecimiento de la cara . Ayuda a levantar la cara y dar forma a la cara en V, haz [&hellip;]<\/p>\n","protected":false},"featured_media":2729,"comment_status":"open","ping_status":"closed","template":"","meta":{"pagelayer_contact_templates":[],"_pagelayer_content":""},"product_brand":[],"product_cat":[48],"product_tag":[],"class_list":{"0":"post-2723","1":"product","2":"type-product","3":"status-publish","4":"has-post-thumbnail","6":"product_cat-bienestar","8":"first","9":"instock","10":"taxable","11":"shipping-taxable","12":"purchasable","13":"product-type-simple"},"aioseo_notices":[],"_links":{"self":[{"href":"https:\/\/www.latinoutlet.com\/index.php?rest_route=\/wp\/v2\/product\/2723","targetHints":{"allow":["GET"]}}],"collection":[{"href":"https:\/\/www.latinoutlet.com\/index.php?rest_route=\/wp\/v2\/product"}],"about":[{"href":"https:\/\/www.latinoutlet.com\/index.php?rest_route=\/wp\/v2\/types\/product"}],"replies":[{"embeddable":true,"href":"https:\/\/www.latinoutlet.com\/index.php?rest_route=%2Fwp%2Fv2%2Fcomments&post=2723"}],"wp:featuredmedia":[{"embeddable":true,"href":"https:\/\/www.latinoutlet.com\/index.php?rest_route=\/wp\/v2\/media\/2729"}],"wp:attachment":[{"href":"https:\/\/www.latinoutlet.com\/index.php?rest_route=%2Fwp%2Fv2%2Fmedia&parent=2723"}],"wp:term":[{"taxonomy":"product_brand","embeddable":true,"href":"https:\/\/www.latinoutlet.com\/index.php?rest_route=%2Fwp%2Fv2%2Fproduct_brand&post=2723"},{"taxonomy":"product_cat","embeddable":true,"href":"https:\/\/www.latinoutlet.com\/index.php?rest_route=%2Fwp%2Fv2%2Fproduct_cat&post=2723"},{"taxonomy":"product_tag","embeddable":true,"href":"https:\/\/www.latinoutlet.com\/index.php?rest_route=%2Fwp%2Fv2%2Fproduct_tag&post=2723"}],"curies":[{"name":"wp","href":"https:\/\/api.w.org\/{rel}","templated":true}]}}