{"id":2730,"date":"2025-09-04T05:42:48","date_gmt":"2025-09-04T05:42:48","guid":{"rendered":"https:\/\/www.latinoutlet.com\/?product=organizador-de-latas"},"modified":"2025-09-04T05:44:17","modified_gmt":"2025-09-04T05:44:17","slug":"organizador-de-latas","status":"publish","type":"product","link":"https:\/\/www.latinoutlet.com\/?product=organizador-de-latas","title":{"rendered":"ORGANIZADOR DE LATAS"},"content":{"rendered":"<p>ORGANIZADOR DE LATAS<\/p>\n<p>Caracter\u00edsticas:<br \/>\nMaterial duradero: Alambre de hierro de alta calidad, soldadura de precisi\u00f3n, anticorrosi\u00f3n y resistencia al desgaste.<br \/>\nEstante de almacenamiento de 2 niveles: Puede poner 10 latas de bebidas al mismo tiempo, ahorrando efectivamente espacio de almacenamiento en el refrigerador.<br \/>\n\u00dasalo en cualquier lugar: Gran uso para el refrigerador, la cocina, el Gabinete, la unidad de almacenamiento o el almacenamiento en GARAJE. Dise\u00f1o Simple y delgado que maximiza su espacio de almacenamiento disponible mientras mantiene sus bebidas f\u00e1cilmente accesibles.<br \/>\nDise\u00f1o giratorio: La bebida puede deslizarse autom\u00e1ticamente, f\u00e1cil de usar.<br \/>\nAmplio uso: Adecuado para familias, tiendas, supermercados, etc.<br \/>\nAviso:<br \/>\nEl color real puede ser ligeramente diferente al de la imagen debido a diferentes monitores y efectos de luz<br \/>\nPuede haber una desviaci\u00f3n de 1-3cm debido a la medici\u00f3n manual<br \/>\nEspecificaciones:<br \/>\nMaterial: hierro<br \/>\nTama\u00f1o: 34,5&#215;14,5&#215;18,5 cm<\/p>\n","protected":false},"excerpt":{"rendered":"<p>ORGANIZADOR DE LATAS Caracter\u00edsticas: Material duradero: Alambre de hierro de alta calidad, soldadura de precisi\u00f3n, anticorrosi\u00f3n y resistencia al desgaste. Estante de almacenamiento de 2 niveles: Puede poner 10 latas de bebidas al mismo tiempo, ahorrando efectivamente espacio de almacenamiento en el refrigerador. \u00dasalo en cualquier lugar: Gran uso para el refrigerador, la cocina, el [&hellip;]<\/p>\n","protected":false},"featured_media":2736,"comment_status":"open","ping_status":"closed","template":"","meta":{"pagelayer_contact_templates":[],"_pagelayer_content":""},"product_brand":[],"product_cat":[29],"product_tag":[],"class_list":{"0":"post-2730","1":"product","2":"type-product","3":"status-publish","4":"has-post-thumbnail","6":"product_cat-cocina","8":"first","9":"instock","10":"taxable","11":"shipping-taxable","12":"purchasable","13":"product-type-simple"},"aioseo_notices":[],"_links":{"self":[{"href":"https:\/\/www.latinoutlet.com\/index.php?rest_route=\/wp\/v2\/product\/2730","targetHints":{"allow":["GET"]}}],"collection":[{"href":"https:\/\/www.latinoutlet.com\/index.php?rest_route=\/wp\/v2\/product"}],"about":[{"href":"https:\/\/www.latinoutlet.com\/index.php?rest_route=\/wp\/v2\/types\/product"}],"replies":[{"embeddable":true,"href":"https:\/\/www.latinoutlet.com\/index.php?rest_route=%2Fwp%2Fv2%2Fcomments&post=2730"}],"wp:featuredmedia":[{"embeddable":true,"href":"https:\/\/www.latinoutlet.com\/index.php?rest_route=\/wp\/v2\/media\/2736"}],"wp:attachment":[{"href":"https:\/\/www.latinoutlet.com\/index.php?rest_route=%2Fwp%2Fv2%2Fmedia&parent=2730"}],"wp:term":[{"taxonomy":"product_brand","embeddable":true,"href":"https:\/\/www.latinoutlet.com\/index.php?rest_route=%2Fwp%2Fv2%2Fproduct_brand&post=2730"},{"taxonomy":"product_cat","embeddable":true,"href":"https:\/\/www.latinoutlet.com\/index.php?rest_route=%2Fwp%2Fv2%2Fproduct_cat&post=2730"},{"taxonomy":"product_tag","embeddable":true,"href":"https:\/\/www.latinoutlet.com\/index.php?rest_route=%2Fwp%2Fv2%2Fproduct_tag&post=2730"}],"curies":[{"name":"wp","href":"https:\/\/api.w.org\/{rel}","templated":true}]}}