{"id":2737,"date":"2025-09-04T05:44:57","date_gmt":"2025-09-04T05:44:57","guid":{"rendered":"https:\/\/www.latinoutlet.com\/?product=boquilla-de-presion-manguera"},"modified":"2025-09-04T05:46:53","modified_gmt":"2025-09-04T05:46:53","slug":"boquilla-de-presion-manguera","status":"publish","type":"product","link":"https:\/\/www.latinoutlet.com\/?product=boquilla-de-presion-manguera","title":{"rendered":"BOQUILLA DE PRESION MANGUERA"},"content":{"rendered":"<p>Descripci\u00f3n:<\/p>\n<p>* 1 Material: aleaci\u00f3n de aluminio<\/p>\n<p>* 2 Longitud: 17cm<\/p>\n<p>* 3 Peso: 80g<\/p>\n<p>Caracter\u00edsticas:<\/p>\n<p>* 1 Hecho de aleaci\u00f3n de aluminio resistente para una construcci\u00f3n r\u00edgida.<\/p>\n<p>* 2 El acabado antienvejecimiento esmerilado es resistente al desgaste y libre de \u00f3xido.<\/p>\n<p>* 3 Una conexi\u00f3n precisa para una fijaci\u00f3n perfecta A su manguera proporciona un sellado herm\u00e9tico extremo.<\/p>\n<p>* 4 El conector Bib es adecuado para conectar grifos, lavadoras de coches, mangueras de jard\u00edn, mangueras de lavado del hogar.<\/p>\n<p>El paquete incluye:<\/p>\n<p>1 x boquilla<\/p>\n<p>Nota:<\/p>\n<p>1. Todas las im\u00e1genes han sido calibradas profesionalmente, pero debido a la luz ambiental y a la configuraci\u00f3n de diferentes dispositivos de pantalla, las im\u00e1genes y los art\u00edculos que ves pueden tener algunas desviaciones.<\/p>\n<p>2. Los datos se miden manualmente, puede haber algunas desviaciones, pero no afecta el uso.<\/p>\n","protected":false},"excerpt":{"rendered":"<p>Descripci\u00f3n: * 1 Material: aleaci\u00f3n de aluminio * 2 Longitud: 17cm * 3 Peso: 80g Caracter\u00edsticas: * 1 Hecho de aleaci\u00f3n de aluminio resistente para una construcci\u00f3n r\u00edgida. * 2 El acabado antienvejecimiento esmerilado es resistente al desgaste y libre de \u00f3xido. * 3 Una conexi\u00f3n precisa para una fijaci\u00f3n perfecta A su manguera proporciona [&hellip;]<\/p>\n","protected":false},"featured_media":2743,"comment_status":"open","ping_status":"closed","template":"","meta":{"pagelayer_contact_templates":[],"_pagelayer_content":""},"product_brand":[],"product_cat":[43],"product_tag":[],"class_list":{"0":"post-2737","1":"product","2":"type-product","3":"status-publish","4":"has-post-thumbnail","6":"product_cat-herramientas","8":"first","9":"instock","10":"taxable","11":"shipping-taxable","12":"purchasable","13":"product-type-simple"},"aioseo_notices":[],"_links":{"self":[{"href":"https:\/\/www.latinoutlet.com\/index.php?rest_route=\/wp\/v2\/product\/2737","targetHints":{"allow":["GET"]}}],"collection":[{"href":"https:\/\/www.latinoutlet.com\/index.php?rest_route=\/wp\/v2\/product"}],"about":[{"href":"https:\/\/www.latinoutlet.com\/index.php?rest_route=\/wp\/v2\/types\/product"}],"replies":[{"embeddable":true,"href":"https:\/\/www.latinoutlet.com\/index.php?rest_route=%2Fwp%2Fv2%2Fcomments&post=2737"}],"wp:featuredmedia":[{"embeddable":true,"href":"https:\/\/www.latinoutlet.com\/index.php?rest_route=\/wp\/v2\/media\/2743"}],"wp:attachment":[{"href":"https:\/\/www.latinoutlet.com\/index.php?rest_route=%2Fwp%2Fv2%2Fmedia&parent=2737"}],"wp:term":[{"taxonomy":"product_brand","embeddable":true,"href":"https:\/\/www.latinoutlet.com\/index.php?rest_route=%2Fwp%2Fv2%2Fproduct_brand&post=2737"},{"taxonomy":"product_cat","embeddable":true,"href":"https:\/\/www.latinoutlet.com\/index.php?rest_route=%2Fwp%2Fv2%2Fproduct_cat&post=2737"},{"taxonomy":"product_tag","embeddable":true,"href":"https:\/\/www.latinoutlet.com\/index.php?rest_route=%2Fwp%2Fv2%2Fproduct_tag&post=2737"}],"curies":[{"name":"wp","href":"https:\/\/api.w.org\/{rel}","templated":true}]}}