{"id":2775,"date":"2025-09-04T05:54:56","date_gmt":"2025-09-04T05:54:56","guid":{"rendered":"https:\/\/www.latinoutlet.com\/?product=gorro-protector-de-cabeza"},"modified":"2025-09-04T05:56:13","modified_gmt":"2025-09-04T05:56:13","slug":"gorro-protector-de-cabeza","status":"publish","type":"product","link":"https:\/\/www.latinoutlet.com\/?product=gorro-protector-de-cabeza","title":{"rendered":"GORRO PROTECTOR DE CABEZA"},"content":{"rendered":"<p>Descripci\u00f3n:<\/p>\n<p>Este sombrero protector es tan suave y c\u00f3modo para que el beb\u00e9 lo use, protegiendo la cabeza de tu beb\u00e9 de lesiones al aprender a caminar, gatear, etc. La circunferencia de la cabeza es ajustable, adecuada para la mayor\u00eda de los beb\u00e9s, los animales de dibujos animados son amados por la mayor\u00eda de los ni\u00f1os, no te lo pierdas.<\/p>\n<p>Especificaci\u00f3n: Condici\u00f3n: 100% nuevo<\/p>\n<p>material: algod\u00f3n<\/p>\n<p>Color: Como imagen<\/p>\n<p>Circunferencia de la cabeza ajustable: 43~19.7 in\/16.93~19.69in<\/p>\n<p>Tama\u00f1o del paquete: 25*25cm\/9.84*9.84in<\/p>\n<p>Peso: aprox. 4.06 oz<\/p>\n<p>El paquete incluye:<\/p>\n<p>1 sombrero protector para beb\u00e9.<\/p>\n<p>Nota:<\/p>\n<p>1. Los monitores no est\u00e1n calibrados de la misma manera, el color del art\u00edculo que se muestra en las fotos puede ser ligeramente diferente del objeto real. Por favor, tome el real como est\u00e1ndar.<\/p>\n<p>2. Puede haber un margen de error de 0 a 1 pulgada debido a la medici\u00f3n manual. Gracias por tu comprensi\u00f3n.<\/p>\n","protected":false},"excerpt":{"rendered":"<p>Descripci\u00f3n: Este sombrero protector es tan suave y c\u00f3modo para que el beb\u00e9 lo use, protegiendo la cabeza de tu beb\u00e9 de lesiones al aprender a caminar, gatear, etc. La circunferencia de la cabeza es ajustable, adecuada para la mayor\u00eda de los beb\u00e9s, los animales de dibujos animados son amados por la mayor\u00eda de los [&hellip;]<\/p>\n","protected":false},"featured_media":2781,"comment_status":"open","ping_status":"closed","template":"","meta":{"pagelayer_contact_templates":[],"_pagelayer_content":""},"product_brand":[],"product_cat":[49],"product_tag":[],"class_list":{"0":"post-2775","1":"product","2":"type-product","3":"status-publish","4":"has-post-thumbnail","6":"product_cat-bebe","8":"first","9":"instock","10":"taxable","11":"shipping-taxable","12":"purchasable","13":"product-type-simple"},"aioseo_notices":[],"_links":{"self":[{"href":"https:\/\/www.latinoutlet.com\/index.php?rest_route=\/wp\/v2\/product\/2775","targetHints":{"allow":["GET"]}}],"collection":[{"href":"https:\/\/www.latinoutlet.com\/index.php?rest_route=\/wp\/v2\/product"}],"about":[{"href":"https:\/\/www.latinoutlet.com\/index.php?rest_route=\/wp\/v2\/types\/product"}],"replies":[{"embeddable":true,"href":"https:\/\/www.latinoutlet.com\/index.php?rest_route=%2Fwp%2Fv2%2Fcomments&post=2775"}],"wp:featuredmedia":[{"embeddable":true,"href":"https:\/\/www.latinoutlet.com\/index.php?rest_route=\/wp\/v2\/media\/2781"}],"wp:attachment":[{"href":"https:\/\/www.latinoutlet.com\/index.php?rest_route=%2Fwp%2Fv2%2Fmedia&parent=2775"}],"wp:term":[{"taxonomy":"product_brand","embeddable":true,"href":"https:\/\/www.latinoutlet.com\/index.php?rest_route=%2Fwp%2Fv2%2Fproduct_brand&post=2775"},{"taxonomy":"product_cat","embeddable":true,"href":"https:\/\/www.latinoutlet.com\/index.php?rest_route=%2Fwp%2Fv2%2Fproduct_cat&post=2775"},{"taxonomy":"product_tag","embeddable":true,"href":"https:\/\/www.latinoutlet.com\/index.php?rest_route=%2Fwp%2Fv2%2Fproduct_tag&post=2775"}],"curies":[{"name":"wp","href":"https:\/\/api.w.org\/{rel}","templated":true}]}}