{"id":2789,"date":"2025-09-04T05:58:59","date_gmt":"2025-09-04T05:58:59","guid":{"rendered":"https:\/\/www.latinoutlet.com\/?product=egg-holder"},"modified":"2025-09-04T06:00:51","modified_gmt":"2025-09-04T06:00:51","slug":"egg-holder","status":"publish","type":"product","link":"https:\/\/www.latinoutlet.com\/?product=egg-holder","title":{"rendered":"EGG HOLDER"},"content":{"rendered":"<p>Dispensador de almacenamiento de huevos en espiral.<\/p>\n<p>Una gallina que ponga uno o dos huevos al d\u00eda es algo bueno, pero primero debe usar los huevos m\u00e1s antiguos.<\/p>\n<p>Han estado en el mostrador durante mucho tiempo, pero el primer m\u00e9todo de inventario es definitivamente el camino a seguir.<\/p>\n<p>Coloca el huevo nuevo en el espacio m\u00e1s alto de la espiral y saca el huevo m\u00e1s antiguo del fondo del tobog\u00e1n. A menos que quiera poner huevos revueltos en el mostrador, no puede enrollarlos desde la parte superior y dejar que se golpeen entre s\u00ed, pero sigue siendo divertido. Gran nombre, \u00a1mostrar\u00e1 sus propios huevos!<\/p>\n<p>N\u00famero de plantas: tres pisos<\/p>\n<p>Caracter\u00edsticas: General<\/p>\n<p>Color: verde<\/p>\n<p>Material: PP<\/p>\n<p>Tama\u00f1o: 24x19x24cm<\/p>\n<p>Contenido del paquete:<\/p>\n<p>1 x huevo rack<\/p>\n","protected":false},"excerpt":{"rendered":"<p>Dispensador de almacenamiento de huevos en espiral. Una gallina que ponga uno o dos huevos al d\u00eda es algo bueno, pero primero debe usar los huevos m\u00e1s antiguos. Han estado en el mostrador durante mucho tiempo, pero el primer m\u00e9todo de inventario es definitivamente el camino a seguir. Coloca el huevo nuevo en el espacio [&hellip;]<\/p>\n","protected":false},"featured_media":2797,"comment_status":"open","ping_status":"closed","template":"","meta":{"pagelayer_contact_templates":[],"_pagelayer_content":""},"product_brand":[],"product_cat":[29],"product_tag":[],"class_list":{"0":"post-2789","1":"product","2":"type-product","3":"status-publish","4":"has-post-thumbnail","6":"product_cat-cocina","8":"first","9":"instock","10":"taxable","11":"shipping-taxable","12":"purchasable","13":"product-type-simple"},"aioseo_notices":[],"_links":{"self":[{"href":"https:\/\/www.latinoutlet.com\/index.php?rest_route=\/wp\/v2\/product\/2789","targetHints":{"allow":["GET"]}}],"collection":[{"href":"https:\/\/www.latinoutlet.com\/index.php?rest_route=\/wp\/v2\/product"}],"about":[{"href":"https:\/\/www.latinoutlet.com\/index.php?rest_route=\/wp\/v2\/types\/product"}],"replies":[{"embeddable":true,"href":"https:\/\/www.latinoutlet.com\/index.php?rest_route=%2Fwp%2Fv2%2Fcomments&post=2789"}],"wp:featuredmedia":[{"embeddable":true,"href":"https:\/\/www.latinoutlet.com\/index.php?rest_route=\/wp\/v2\/media\/2797"}],"wp:attachment":[{"href":"https:\/\/www.latinoutlet.com\/index.php?rest_route=%2Fwp%2Fv2%2Fmedia&parent=2789"}],"wp:term":[{"taxonomy":"product_brand","embeddable":true,"href":"https:\/\/www.latinoutlet.com\/index.php?rest_route=%2Fwp%2Fv2%2Fproduct_brand&post=2789"},{"taxonomy":"product_cat","embeddable":true,"href":"https:\/\/www.latinoutlet.com\/index.php?rest_route=%2Fwp%2Fv2%2Fproduct_cat&post=2789"},{"taxonomy":"product_tag","embeddable":true,"href":"https:\/\/www.latinoutlet.com\/index.php?rest_route=%2Fwp%2Fv2%2Fproduct_tag&post=2789"}],"curies":[{"name":"wp","href":"https:\/\/api.w.org\/{rel}","templated":true}]}}