{"id":2924,"date":"2025-09-04T20:26:01","date_gmt":"2025-09-04T20:26:01","guid":{"rendered":"https:\/\/www.latinoutlet.com\/?product=estante-organizador-d"},"modified":"2025-09-08T11:17:35","modified_gmt":"2025-09-08T11:17:35","slug":"estante-organizador-d","status":"publish","type":"product","link":"https:\/\/www.latinoutlet.com\/?product=estante-organizador-d","title":{"rendered":"ESTANTE ORGANIZADOR"},"content":{"rendered":"<p>ESTANTE ORGANIZADOR<\/p>\n<p>Caracter\u00edstica<\/p>\n<p>1. Caja de almacenamiento de cosm\u00e9ticos transparente no perforada montada en la pared, capacidad de soporte fuerte y aspecto hermoso.<\/p>\n<p>2. Gran capacidad de almacenamiento, se puede colocar en una pared lisa, deshacerse de la suciedad y ahorrar espacio.<\/p>\n<p>3. Dise\u00f1o de caj\u00f3n dividido, almacenamiento clasificado, limpio y ordenado.<\/p>\n<p>4. Aplicaci\u00f3n multiescena, el ba\u00f1o y el tocador pueden almacenar joyas, joyas, anillos, pendientes, cosm\u00e9ticos, art\u00edculos de tocador, etc.<\/p>\n<p>Especificaci\u00f3n<\/p>\n<p>Color: transparente, Marr\u00f3n transparente<\/p>\n<p>Tama\u00f1o: 31.5&#215;13.6x10cm<\/p>\n<p>Peso: aproximadamente 530g<\/p>\n<p>Material: PS<\/p>\n","protected":false},"excerpt":{"rendered":"<p>ESTANTE ORGANIZADOR Caracter\u00edstica 1. Caja de almacenamiento de cosm\u00e9ticos transparente no perforada montada en la pared, capacidad de soporte fuerte y aspecto hermoso. 2. Gran capacidad de almacenamiento, se puede colocar en una pared lisa, deshacerse de la suciedad y ahorrar espacio. 3. Dise\u00f1o de caj\u00f3n dividido, almacenamiento clasificado, limpio y ordenado. 4. Aplicaci\u00f3n multiescena, [&hellip;]<\/p>\n","protected":false},"featured_media":2932,"comment_status":"open","ping_status":"closed","template":"","meta":{"pagelayer_contact_templates":[],"_pagelayer_content":""},"product_brand":[],"product_cat":[35],"product_tag":[],"class_list":{"0":"post-2924","1":"product","2":"type-product","3":"status-publish","4":"has-post-thumbnail","6":"product_cat-hogar","8":"first","9":"instock","10":"taxable","11":"shipping-taxable","12":"purchasable","13":"product-type-simple"},"aioseo_notices":[],"_links":{"self":[{"href":"https:\/\/www.latinoutlet.com\/index.php?rest_route=\/wp\/v2\/product\/2924","targetHints":{"allow":["GET"]}}],"collection":[{"href":"https:\/\/www.latinoutlet.com\/index.php?rest_route=\/wp\/v2\/product"}],"about":[{"href":"https:\/\/www.latinoutlet.com\/index.php?rest_route=\/wp\/v2\/types\/product"}],"replies":[{"embeddable":true,"href":"https:\/\/www.latinoutlet.com\/index.php?rest_route=%2Fwp%2Fv2%2Fcomments&post=2924"}],"wp:featuredmedia":[{"embeddable":true,"href":"https:\/\/www.latinoutlet.com\/index.php?rest_route=\/wp\/v2\/media\/2932"}],"wp:attachment":[{"href":"https:\/\/www.latinoutlet.com\/index.php?rest_route=%2Fwp%2Fv2%2Fmedia&parent=2924"}],"wp:term":[{"taxonomy":"product_brand","embeddable":true,"href":"https:\/\/www.latinoutlet.com\/index.php?rest_route=%2Fwp%2Fv2%2Fproduct_brand&post=2924"},{"taxonomy":"product_cat","embeddable":true,"href":"https:\/\/www.latinoutlet.com\/index.php?rest_route=%2Fwp%2Fv2%2Fproduct_cat&post=2924"},{"taxonomy":"product_tag","embeddable":true,"href":"https:\/\/www.latinoutlet.com\/index.php?rest_route=%2Fwp%2Fv2%2Fproduct_tag&post=2924"}],"curies":[{"name":"wp","href":"https:\/\/api.w.org\/{rel}","templated":true}]}}