{"id":3188,"date":"2025-09-05T16:05:45","date_gmt":"2025-09-05T16:05:45","guid":{"rendered":"https:\/\/www.latinoutlet.com\/?product=cargador-de-bebe"},"modified":"2025-09-05T16:07:50","modified_gmt":"2025-09-05T16:07:50","slug":"cargador-de-bebe","status":"publish","type":"product","link":"https:\/\/www.latinoutlet.com\/?product=cargador-de-bebe","title":{"rendered":"CARGADOR DE BEBE"},"content":{"rendered":"<p>Aumenta la sensaci\u00f3n de intimidad y seguridad entre madre y beb\u00e9. Adecuado para beb\u00e9s de 0 a 36 meses.<\/p>\n<p>Con broches, el portabeb\u00e9s es m\u00e1s f\u00e1cil de usar, y la correa de hombro ligeramente acolchada ayuda a distribuir el peso en toda tu espalda y se adapta r\u00e1pidamente para permitir la lactancia bajo demanda<\/p>\n<p>Puedes liberar tus manos para hacer tareas dom\u00e9sticas, beber caf\u00e9, comprar y cuidar de otros ni\u00f1os mientras mantienes a tu beb\u00e9 cerca.<\/p>\n","protected":false},"excerpt":{"rendered":"<p>Aumenta la sensaci\u00f3n de intimidad y seguridad entre madre y beb\u00e9. Adecuado para beb\u00e9s de 0 a 36 meses. Con broches, el portabeb\u00e9s es m\u00e1s f\u00e1cil de usar, y la correa de hombro ligeramente acolchada ayuda a distribuir el peso en toda tu espalda y se adapta r\u00e1pidamente para permitir la lactancia bajo demanda Puedes [&hellip;]<\/p>\n","protected":false},"featured_media":3201,"comment_status":"open","ping_status":"closed","template":"","meta":{"pagelayer_contact_templates":[],"_pagelayer_content":""},"product_brand":[],"product_cat":[49],"product_tag":[],"class_list":{"0":"post-3188","1":"product","2":"type-product","3":"status-publish","4":"has-post-thumbnail","6":"product_cat-bebe","8":"first","9":"instock","10":"taxable","11":"shipping-taxable","12":"purchasable","13":"product-type-simple"},"aioseo_notices":[],"_links":{"self":[{"href":"https:\/\/www.latinoutlet.com\/index.php?rest_route=\/wp\/v2\/product\/3188","targetHints":{"allow":["GET"]}}],"collection":[{"href":"https:\/\/www.latinoutlet.com\/index.php?rest_route=\/wp\/v2\/product"}],"about":[{"href":"https:\/\/www.latinoutlet.com\/index.php?rest_route=\/wp\/v2\/types\/product"}],"replies":[{"embeddable":true,"href":"https:\/\/www.latinoutlet.com\/index.php?rest_route=%2Fwp%2Fv2%2Fcomments&post=3188"}],"wp:featuredmedia":[{"embeddable":true,"href":"https:\/\/www.latinoutlet.com\/index.php?rest_route=\/wp\/v2\/media\/3201"}],"wp:attachment":[{"href":"https:\/\/www.latinoutlet.com\/index.php?rest_route=%2Fwp%2Fv2%2Fmedia&parent=3188"}],"wp:term":[{"taxonomy":"product_brand","embeddable":true,"href":"https:\/\/www.latinoutlet.com\/index.php?rest_route=%2Fwp%2Fv2%2Fproduct_brand&post=3188"},{"taxonomy":"product_cat","embeddable":true,"href":"https:\/\/www.latinoutlet.com\/index.php?rest_route=%2Fwp%2Fv2%2Fproduct_cat&post=3188"},{"taxonomy":"product_tag","embeddable":true,"href":"https:\/\/www.latinoutlet.com\/index.php?rest_route=%2Fwp%2Fv2%2Fproduct_tag&post=3188"}],"curies":[{"name":"wp","href":"https:\/\/api.w.org\/{rel}","templated":true}]}}