{"id":3202,"date":"2025-09-05T16:08:34","date_gmt":"2025-09-05T16:08:34","guid":{"rendered":"https:\/\/www.latinoutlet.com\/?product=banda-reproductora-de-musica"},"modified":"2025-09-05T16:09:50","modified_gmt":"2025-09-05T16:09:50","slug":"banda-reproductora-de-musica","status":"publish","type":"product","link":"https:\/\/www.latinoutlet.com\/?product=banda-reproductora-de-musica","title":{"rendered":"BANDA REPRODUCTORA DE MUSICA"},"content":{"rendered":"<p>Descripci\u00f3n:<\/p>\n<p>Presentamos nuestros innovadores auriculares inal\u00e1mbricos para dormir con antifaz, un dispositivo imprescindible para cualquiera que valore la comodidad, la conveniencia y una noche de sue\u00f1o perfecta. Nuestro dise\u00f1o de doble funci\u00f3n combina la funcionalidad de los auriculares inal\u00e1mbricos con la comodidad de una suave m\u00e1scara para dormir. Perfectamente adecuados para quienes duermen de lado, estos auriculares brindan una calidad de sonido excepcional y al mismo tiempo funcionan como una m\u00e1scara para los ojos para bloquear cualquier luz no deseada, prometiendo un sue\u00f1o reparador y sin interrupciones.<\/p>\n<p>Beneficios clave:<\/p>\n<p>Dise\u00f1o de funci\u00f3n dual: disfrute de la libertad de escuchar su m\u00fasica, audiolibros o podcasts favoritos mientras bloquea la luz molesta con el dise\u00f1o combinado de auriculares y m\u00e1scara para dormir.<\/p>\n<p>Comodidad superior: perfecto para personas que duermen de lado con un dise\u00f1o que no causa molestias ni dolor de o\u00eddo.<\/p>\n<p>Multiusos: Ideal para usar en aviones, durante sus desplazamientos diarios o incluso durante los fr\u00edos d\u00edas de invierno para mayor calidez.<\/p>\n<p>\u00daltima tecnolog\u00eda Bluetooth: viene equipado con tecnolog\u00eda Bluetooth 5.0, lo que garantiza una conexi\u00f3n estable y r\u00e1pida a su dispositivo, con una impresionante distancia de transmisi\u00f3n de hasta 10 metros.<\/p>\n<p>Bater\u00eda de larga duraci\u00f3n: proporciona hasta 10 horas de reproducci\u00f3n continua, perfecta para una noche de sue\u00f1o completa o un vuelo de larga distancia.<\/p>\n<p>Especificaciones del producto:<\/p>\n<p>Versi\u00f3n de Bluetooth: 5.0<\/p>\n<p>Distancia de transmisi\u00f3n de Bluetooth: 10 m<\/p>\n<p>Tiempo de reproducci\u00f3n de m\u00fasica: sonido m\u00e1ximo durante 7 horas, volumen medio durante 10 horas<\/p>\n<p>Tiempo en espera: 72 horas<\/p>\n<p>Capacidad de la bater\u00eda: 150 mA\/h<\/p>\n<p>Rango de frecuencia: 2,4-2,4835 ghz<\/p>\n<p>Tama\u00f1o y peso: Compacto y liviano con 27 cm x 10 cm y 80 g, lo que lo convierte en un compa\u00f1ero de viaje ideal.<\/p>\n<p>El paquete incluye: auriculares Bluetooth para dormir, manual de usuario, cable de carga,<\/p>\n<p>Cuando compras nuestros auriculares inal\u00e1mbricos para dormir con antifaz, est\u00e1s invirtiendo en un producto de calidad que combina tecnolog\u00eda con comodidad. Nos enorgullecemos de nuestro excepcional servicio al cliente, asegurando que tenga el soporte que necesita, cuando lo necesita. Creemos en la calidad de nuestros productos y sabemos que nuestros auriculares le brindar\u00e1n la mejor experiencia de sue\u00f1o y relajaci\u00f3n. No pierdas esta oportunidad: \u00a1toma la tuya hoy y experimenta el sue\u00f1o como nunca antes!<\/p>\n","protected":false},"excerpt":{"rendered":"<p>Descripci\u00f3n: Presentamos nuestros innovadores auriculares inal\u00e1mbricos para dormir con antifaz, un dispositivo imprescindible para cualquiera que valore la comodidad, la conveniencia y una noche de sue\u00f1o perfecta. Nuestro dise\u00f1o de doble funci\u00f3n combina la funcionalidad de los auriculares inal\u00e1mbricos con la comodidad de una suave m\u00e1scara para dormir. Perfectamente adecuados para quienes duermen de lado, [&hellip;]<\/p>\n","protected":false},"featured_media":3210,"comment_status":"open","ping_status":"closed","template":"","meta":{"pagelayer_contact_templates":[],"_pagelayer_content":""},"product_brand":[],"product_cat":[39],"product_tag":[],"class_list":{"0":"post-3202","1":"product","2":"type-product","3":"status-publish","4":"has-post-thumbnail","6":"product_cat-tecnologia","8":"first","9":"instock","10":"taxable","11":"shipping-taxable","12":"purchasable","13":"product-type-simple"},"aioseo_notices":[],"_links":{"self":[{"href":"https:\/\/www.latinoutlet.com\/index.php?rest_route=\/wp\/v2\/product\/3202","targetHints":{"allow":["GET"]}}],"collection":[{"href":"https:\/\/www.latinoutlet.com\/index.php?rest_route=\/wp\/v2\/product"}],"about":[{"href":"https:\/\/www.latinoutlet.com\/index.php?rest_route=\/wp\/v2\/types\/product"}],"replies":[{"embeddable":true,"href":"https:\/\/www.latinoutlet.com\/index.php?rest_route=%2Fwp%2Fv2%2Fcomments&post=3202"}],"wp:featuredmedia":[{"embeddable":true,"href":"https:\/\/www.latinoutlet.com\/index.php?rest_route=\/wp\/v2\/media\/3210"}],"wp:attachment":[{"href":"https:\/\/www.latinoutlet.com\/index.php?rest_route=%2Fwp%2Fv2%2Fmedia&parent=3202"}],"wp:term":[{"taxonomy":"product_brand","embeddable":true,"href":"https:\/\/www.latinoutlet.com\/index.php?rest_route=%2Fwp%2Fv2%2Fproduct_brand&post=3202"},{"taxonomy":"product_cat","embeddable":true,"href":"https:\/\/www.latinoutlet.com\/index.php?rest_route=%2Fwp%2Fv2%2Fproduct_cat&post=3202"},{"taxonomy":"product_tag","embeddable":true,"href":"https:\/\/www.latinoutlet.com\/index.php?rest_route=%2Fwp%2Fv2%2Fproduct_tag&post=3202"}],"curies":[{"name":"wp","href":"https:\/\/api.w.org\/{rel}","templated":true}]}}