{"id":3581,"date":"2025-09-09T03:28:50","date_gmt":"2025-09-09T03:28:50","guid":{"rendered":"https:\/\/www.latinoutlet.com\/?product=collar-cruz-ironpride-usa-caja-regalo"},"modified":"2025-09-09T03:58:02","modified_gmt":"2025-09-09T03:58:02","slug":"collar-cruz-ironpride-usa-caja-regalo","status":"publish","type":"product","link":"https:\/\/www.latinoutlet.com\/?product=collar-cruz-ironpride-usa-caja-regalo","title":{"rendered":"COLLAR CRUZ IRONPRIDE USA + CAJA REGALO"},"content":{"rendered":"<p>Caracter\u00edsticas<br \/>\nLARGO CADENA: 50cm<br \/>\nDIJE: 4.5cm x 3cm<br \/>\nCOLLAR en ACERO INOXIDABLE Y DIJE En COBRE GALVANIZADO.<br \/>\nCollar doble vista con cruz met\u00e1lica: un lado con la bandera de EE.UU., el otro con mensaje motivador. Estilo masculino, ideal para campa\u00f1as patriotas, religiosas o de superaci\u00f3n.<\/p>\n<p>Incluye Caja De Regalo<\/p>\n","protected":false},"excerpt":{"rendered":"<p>Caracter\u00edsticas LARGO CADENA: 50cm DIJE: 4.5cm x 3cm COLLAR en ACERO INOXIDABLE Y DIJE En COBRE GALVANIZADO. Collar doble vista con cruz met\u00e1lica: un lado con la bandera de EE.UU., el otro con mensaje motivador. Estilo masculino, ideal para campa\u00f1as patriotas, religiosas o de superaci\u00f3n. Incluye Caja De Regalo<\/p>\n","protected":false},"featured_media":3586,"comment_status":"open","ping_status":"closed","template":"","meta":{"pagelayer_contact_templates":[],"_pagelayer_content":""},"product_brand":[],"product_cat":[48],"product_tag":[],"class_list":{"0":"post-3581","1":"product","2":"type-product","3":"status-publish","4":"has-post-thumbnail","6":"product_cat-bienestar","8":"first","9":"instock","10":"taxable","11":"shipping-taxable","12":"purchasable","13":"product-type-simple"},"aioseo_notices":[],"_links":{"self":[{"href":"https:\/\/www.latinoutlet.com\/index.php?rest_route=\/wp\/v2\/product\/3581","targetHints":{"allow":["GET"]}}],"collection":[{"href":"https:\/\/www.latinoutlet.com\/index.php?rest_route=\/wp\/v2\/product"}],"about":[{"href":"https:\/\/www.latinoutlet.com\/index.php?rest_route=\/wp\/v2\/types\/product"}],"replies":[{"embeddable":true,"href":"https:\/\/www.latinoutlet.com\/index.php?rest_route=%2Fwp%2Fv2%2Fcomments&post=3581"}],"wp:featuredmedia":[{"embeddable":true,"href":"https:\/\/www.latinoutlet.com\/index.php?rest_route=\/wp\/v2\/media\/3586"}],"wp:attachment":[{"href":"https:\/\/www.latinoutlet.com\/index.php?rest_route=%2Fwp%2Fv2%2Fmedia&parent=3581"}],"wp:term":[{"taxonomy":"product_brand","embeddable":true,"href":"https:\/\/www.latinoutlet.com\/index.php?rest_route=%2Fwp%2Fv2%2Fproduct_brand&post=3581"},{"taxonomy":"product_cat","embeddable":true,"href":"https:\/\/www.latinoutlet.com\/index.php?rest_route=%2Fwp%2Fv2%2Fproduct_cat&post=3581"},{"taxonomy":"product_tag","embeddable":true,"href":"https:\/\/www.latinoutlet.com\/index.php?rest_route=%2Fwp%2Fv2%2Fproduct_tag&post=3581"}],"curies":[{"name":"wp","href":"https:\/\/api.w.org\/{rel}","templated":true}]}}