{"id":3691,"date":"2025-09-09T20:15:44","date_gmt":"2025-09-09T20:15:44","guid":{"rendered":"https:\/\/www.latinoutlet.com\/?product=luz-led-advercar"},"modified":"2025-09-09T20:17:16","modified_gmt":"2025-09-09T20:17:16","slug":"luz-led-advercar","status":"publish","type":"product","link":"https:\/\/www.latinoutlet.com\/?product=luz-led-advercar","title":{"rendered":"LUZ LED ADVERCAR"},"content":{"rendered":"<p>FICHA TECNICA LUZ LED ADVERCAR<\/p>\n<p>Caracter\u00edsticas:<\/p>\n<p>Esta es una luz de trabajo necesaria en su caja de herramientas. Puedes llamar como luz de trabajo, pero no es solo una luz de trabajo.<\/p>\n<p>Puede usarlo para camping, reparaci\u00f3n de autom\u00f3viles, viajes, uso dom\u00e9stico, apag\u00f3n y emergencia.<\/p>\n<p>Con base magn\u00e9tica + gancho colgante, puede pegarlo a la superficie met\u00e1lica o colgarlo en cualquier lugar para un funcionamiento de manos libres.<\/p>\n<p>La l\u00e1mpara de alarma LED flash tiene las caracter\u00edsticas de a prueba de golpes, a prueba de humedad, a prueba de lluvia, etc. Tiene alta calidad.<\/p>\n<p>Se puede utilizar para el control del tr\u00e1fico, como luz de advertencia, como faro de rescate y para cualquier otra emergencia.<\/p>\n<p>Tambi\u00e9n se pueden utilizar para actividades recreativas como camping y senderismo.<\/p>\n<p>Descripciones:<\/p>\n<p>Dise\u00f1ado en un tama\u00f1o compacto, f\u00e1cil de llevar incluso en un bolsillo.<\/p>\n<p>La luz roja es un gran complemento para cualquier fiesta.<\/p>\n<p>Se puede utilizar en lugares donde los bengalones antiguos ser\u00edan peligrosos, como en cepillo seco o en presencia de gasolina.<\/p>\n<p>Especificaciones:<\/p>\n<p>Color: naranja\/azul\/rojo<\/p>\n<p>Modelo: 2001J<\/p>\n<p>Voltaje de funcionamiento: 4,5 V<\/p>\n<p>Corriente de funcionamiento: 3,6 A<\/p>\n<p>Potencia: 5 W<\/p>\n<p>Material: PP + TPR<\/p>\n<p>Tama\u00f1o: 10*3,5 CM<\/p>\n<p>Alimentaci\u00f3n: por 3 pilas AAA (no incluidas)<\/p>\n<p>Estilo<\/p>\n<p>Caracter\u00edsticas:<\/p>\n<p>S\u00faper brillante, bajo consumo de energ\u00eda.<\/p>\n<p>Contiene un Fuerte im\u00e1n para colocarlo en el veh\u00edculo.<\/p>\n<p>La carcasa est\u00e1 hecha de pl\u00e1stico de alta resistencia, resistente y duradero.<\/p>\n<p>Completamente impermeable, \u00a1incluso flota! Perfecto para la seguridad de barcos y embarcaciones.<\/p>\n<p>Ampliamente utilizado como baliza de emergencia, aplicaciones marinas, camping y otras actividades al aire libre.<\/p>\n<p>Especificaciones:<\/p>\n<p>Material: pl\u00e1stico<\/p>\n<p>Color: amarillo, negro, naranja<\/p>\n<p>Tama\u00f1o: 93x93x35mm<\/p>\n<p>Alimentaci\u00f3n: por 3 pilas AAA (no incluidas)<\/p>\n","protected":false},"excerpt":{"rendered":"<p>FICHA TECNICA LUZ LED ADVERCAR Caracter\u00edsticas: Esta es una luz de trabajo necesaria en su caja de herramientas. Puedes llamar como luz de trabajo, pero no es solo una luz de trabajo. Puede usarlo para camping, reparaci\u00f3n de autom\u00f3viles, viajes, uso dom\u00e9stico, apag\u00f3n y emergencia. Con base magn\u00e9tica + gancho colgante, puede pegarlo a la [&hellip;]<\/p>\n","protected":false},"featured_media":3698,"comment_status":"open","ping_status":"closed","template":"","meta":{"pagelayer_contact_templates":[],"_pagelayer_content":""},"product_brand":[],"product_cat":[39],"product_tag":[],"class_list":{"0":"post-3691","1":"product","2":"type-product","3":"status-publish","4":"has-post-thumbnail","6":"product_cat-tecnologia","8":"first","9":"instock","10":"taxable","11":"shipping-taxable","12":"purchasable","13":"product-type-simple"},"aioseo_notices":[],"_links":{"self":[{"href":"https:\/\/www.latinoutlet.com\/index.php?rest_route=\/wp\/v2\/product\/3691","targetHints":{"allow":["GET"]}}],"collection":[{"href":"https:\/\/www.latinoutlet.com\/index.php?rest_route=\/wp\/v2\/product"}],"about":[{"href":"https:\/\/www.latinoutlet.com\/index.php?rest_route=\/wp\/v2\/types\/product"}],"replies":[{"embeddable":true,"href":"https:\/\/www.latinoutlet.com\/index.php?rest_route=%2Fwp%2Fv2%2Fcomments&post=3691"}],"wp:featuredmedia":[{"embeddable":true,"href":"https:\/\/www.latinoutlet.com\/index.php?rest_route=\/wp\/v2\/media\/3698"}],"wp:attachment":[{"href":"https:\/\/www.latinoutlet.com\/index.php?rest_route=%2Fwp%2Fv2%2Fmedia&parent=3691"}],"wp:term":[{"taxonomy":"product_brand","embeddable":true,"href":"https:\/\/www.latinoutlet.com\/index.php?rest_route=%2Fwp%2Fv2%2Fproduct_brand&post=3691"},{"taxonomy":"product_cat","embeddable":true,"href":"https:\/\/www.latinoutlet.com\/index.php?rest_route=%2Fwp%2Fv2%2Fproduct_cat&post=3691"},{"taxonomy":"product_tag","embeddable":true,"href":"https:\/\/www.latinoutlet.com\/index.php?rest_route=%2Fwp%2Fv2%2Fproduct_tag&post=3691"}],"curies":[{"name":"wp","href":"https:\/\/api.w.org\/{rel}","templated":true}]}}