{"id":3767,"date":"2025-09-09T20:38:25","date_gmt":"2025-09-09T20:38:25","guid":{"rendered":"https:\/\/www.latinoutlet.com\/?product=organizador-de-condimentos"},"modified":"2025-09-09T20:44:40","modified_gmt":"2025-09-09T20:44:40","slug":"organizador-de-condimentos","status":"publish","type":"product","link":"https:\/\/www.latinoutlet.com\/?product=organizador-de-condimentos","title":{"rendered":"ORGANIZADOR DE CONDIMENTOS"},"content":{"rendered":"<p>ORGANIZADOR DE CONDIMENTOS<\/p>\n<p>Descripci\u00f3n:<\/p>\n<p>1. Materiales de alta calidad, rodamientos de acero inoxidable, pueden girar 360 grados sin problemas. Los accesorios antideslizantes para los pies est\u00e1n en su lugar.<\/p>\n<p>2. Marco en forma de U, nuevo marco giratorio de doble capa en forma de U, f\u00e1cil de tomar comida y condimentos.<\/p>\n<p>3. Estantes giratorios de almacenamiento de cocina de doble capa, estantes Organizadores de condimentos y soportes de mesa giratoria.<\/p>\n<p>4. F\u00e1cil de usar, sin instalaci\u00f3n ni montaje complicados, simple y f\u00e1cil de usar, ahorrando tiempo y esfuerzo.<\/p>\n<p>5. Multifuncional, nuestros estantes giratorios tambi\u00e9n se pueden utilizar para su tocador, Ba\u00f1o, Dormitorio, vestidor, inodoro, mesa, encimera y escritorio.<br \/>\nEspecificaci\u00f3n:<\/p>\n<p>Material: ABS de alta calidad<br \/>\nTama\u00f1o de la caja de Color: aproximadamente 35*5*28cm\/13,78*1,97*11,02 pulgadas<br \/>\nPeso (caja incluida): aproximadamente 840g<br \/>\nLista de embalaje:<br \/>\n1 * ORGANIZADOR DE CONDIMENTOS.<\/p>\n","protected":false},"excerpt":{"rendered":"<p>ORGANIZADOR DE CONDIMENTOS Descripci\u00f3n: 1. Materiales de alta calidad, rodamientos de acero inoxidable, pueden girar 360 grados sin problemas. Los accesorios antideslizantes para los pies est\u00e1n en su lugar. 2. Marco en forma de U, nuevo marco giratorio de doble capa en forma de U, f\u00e1cil de tomar comida y condimentos. 3. Estantes giratorios de [&hellip;]<\/p>\n","protected":false},"featured_media":3774,"comment_status":"open","ping_status":"closed","template":"","meta":{"pagelayer_contact_templates":[],"_pagelayer_content":""},"product_brand":[],"product_cat":[29],"product_tag":[],"class_list":{"0":"post-3767","1":"product","2":"type-product","3":"status-publish","4":"has-post-thumbnail","6":"product_cat-cocina","8":"first","9":"instock","10":"taxable","11":"shipping-taxable","12":"purchasable","13":"product-type-simple"},"aioseo_notices":[],"_links":{"self":[{"href":"https:\/\/www.latinoutlet.com\/index.php?rest_route=\/wp\/v2\/product\/3767","targetHints":{"allow":["GET"]}}],"collection":[{"href":"https:\/\/www.latinoutlet.com\/index.php?rest_route=\/wp\/v2\/product"}],"about":[{"href":"https:\/\/www.latinoutlet.com\/index.php?rest_route=\/wp\/v2\/types\/product"}],"replies":[{"embeddable":true,"href":"https:\/\/www.latinoutlet.com\/index.php?rest_route=%2Fwp%2Fv2%2Fcomments&post=3767"}],"wp:featuredmedia":[{"embeddable":true,"href":"https:\/\/www.latinoutlet.com\/index.php?rest_route=\/wp\/v2\/media\/3774"}],"wp:attachment":[{"href":"https:\/\/www.latinoutlet.com\/index.php?rest_route=%2Fwp%2Fv2%2Fmedia&parent=3767"}],"wp:term":[{"taxonomy":"product_brand","embeddable":true,"href":"https:\/\/www.latinoutlet.com\/index.php?rest_route=%2Fwp%2Fv2%2Fproduct_brand&post=3767"},{"taxonomy":"product_cat","embeddable":true,"href":"https:\/\/www.latinoutlet.com\/index.php?rest_route=%2Fwp%2Fv2%2Fproduct_cat&post=3767"},{"taxonomy":"product_tag","embeddable":true,"href":"https:\/\/www.latinoutlet.com\/index.php?rest_route=%2Fwp%2Fv2%2Fproduct_tag&post=3767"}],"curies":[{"name":"wp","href":"https:\/\/api.w.org\/{rel}","templated":true}]}}