{"id":3906,"date":"2025-09-10T16:28:58","date_gmt":"2025-09-10T16:28:58","guid":{"rendered":"https:\/\/www.latinoutlet.com\/?product=audifonos-blluetooth"},"modified":"2025-09-10T17:01:35","modified_gmt":"2025-09-10T17:01:35","slug":"audifonos-blluetooth","status":"publish","type":"product","link":"https:\/\/www.latinoutlet.com\/?product=audifonos-blluetooth","title":{"rendered":"AUDIFONOS BLUETOOTH"},"content":{"rendered":"<p>[Pantalla digital LED, dise\u00f1o colorido cristalino] ACEFAST es una marca emergente en el mercado de auriculares inal\u00e1mbricos con auriculares de dise\u00f1o futurista. El \u00faltimo TWS tiene un dise\u00f1o transparente y cristalino y tiene una luz LED debajo de la carcasa. La pantalla en relieve 3D hace que conozca f\u00e1cilmente el estado de alimentaci\u00f3n de los auriculares Bluetooth, y la capacidad de la bater\u00eda de 480 mAh del estuche de carga proporciona cuatro cargas completas para ambos auriculares de 45 mAh, cada reproducci\u00f3n dura hasta seis horas con una sola carga.<\/p>\n<p>[Sonido est\u00e9reo inmersivo, llamada clara superior] Los auriculares inal\u00e1mbricos ofrecen una calidad de sonido HiFi superior y una experiencia impactante de baja frecuencia, disfruta de tu m\u00fasica en todas partes, incluso en un entorno ruidoso. Los auriculares T8 vienen con diafragma vibratorio de 0.394 pulgadas + 0.236 pulgadas, tienen c\u00f3decs de audio SBC y ACC que ofrecen un sonido n\u00edtido y n\u00edtido que hace que la voz sea muy clara durante la llamada. La funda est\u00e1 hecha de material de silicona y tiene una calidad de construcci\u00f3n robusta y pesa solo 1.66 oz.<\/p>\n<p>[Control t\u00e1ctil inteligente, ajuste c\u00f3modo] Los auriculares inal\u00e1mbricos para Android admiten control t\u00e1ctil, puedes controlar f\u00e1cilmente las respuestas o colgar llamadas, reproducir o pausar, subir o bajar el volumen, cambiar canciones, etc. sin usar el tel\u00e9fono. Viene con cuatro tama\u00f1os diferentes de almohadillas para los o\u00eddos, nuestros auriculares T8 son adecuados para los canales auditivos de la mayor\u00eda de las personas. La funda de silicona adjunta se adapta perfectamente a los auriculares inal\u00e1mbricos Bluetooth, lo que te ofrece una experiencia c\u00f3moda.<\/p>\n<p>Bluetooth 5.3, emparejamiento de un solo paso: los auriculares inal\u00e1mbricos Bluetooth tienen el \u00faltimo soporte Bluetooth v5.3 con transmisi\u00f3n de velocidad de datos mejorada (EDR). Los auriculares inal\u00e1mbricos T8 albergan un innovador dise\u00f1o de antena LDS que garantiza una transmisi\u00f3n de se\u00f1al estable y una mejor antiinterferencia. Recoge los auriculares del estuche de carga, selecciona &#8220;T8&#8221; en tu dispositivo Bluetooth para emparejar tus auriculares inal\u00e1mbricos en un solo paso, y el dispositivo emparejado se conectar\u00e1 autom\u00e1ticamente la pr\u00f3xima vez que lo uses.<\/p>\n<p>Carga inal\u00e1mbrica, IPX4 resistente al agua: el compartimento de carga de estos auriculares est\u00e1 equipado con una luz fr\u00eda y el color del cable de carga tambi\u00e9n corresponde al de los auriculares. Los auriculares inal\u00e1mbricos Bluetooth tienen una calificaci\u00f3n IPX4 impermeable, que se puede utilizar como auriculares inal\u00e1mbricos deportivos. Puedes escuchar la m\u00fasica mientras corres, trabajas, cocinas, etc. Solo tarda unas dos horas en cargarse por completo. Cuando el compartimento de carga est\u00e9 completamente cargado, la pantalla se mostrar\u00e1 OK.<\/p>\n","protected":false},"excerpt":{"rendered":"<p>[Pantalla digital LED, dise\u00f1o colorido cristalino] ACEFAST es una marca emergente en el mercado de auriculares inal\u00e1mbricos con auriculares de dise\u00f1o futurista. El \u00faltimo TWS tiene un dise\u00f1o transparente y cristalino y tiene una luz LED debajo de la carcasa. La pantalla en relieve 3D hace que conozca f\u00e1cilmente el estado de alimentaci\u00f3n de los [&hellip;]<\/p>\n","protected":false},"featured_media":3913,"comment_status":"open","ping_status":"closed","template":"","meta":{"pagelayer_contact_templates":[],"_pagelayer_content":""},"product_brand":[],"product_cat":[39],"product_tag":[],"class_list":{"0":"post-3906","1":"product","2":"type-product","3":"status-publish","4":"has-post-thumbnail","6":"product_cat-tecnologia","8":"first","9":"instock","10":"taxable","11":"shipping-taxable","12":"purchasable","13":"product-type-variable"},"aioseo_notices":[],"_links":{"self":[{"href":"https:\/\/www.latinoutlet.com\/index.php?rest_route=\/wp\/v2\/product\/3906","targetHints":{"allow":["GET"]}}],"collection":[{"href":"https:\/\/www.latinoutlet.com\/index.php?rest_route=\/wp\/v2\/product"}],"about":[{"href":"https:\/\/www.latinoutlet.com\/index.php?rest_route=\/wp\/v2\/types\/product"}],"replies":[{"embeddable":true,"href":"https:\/\/www.latinoutlet.com\/index.php?rest_route=%2Fwp%2Fv2%2Fcomments&post=3906"}],"wp:featuredmedia":[{"embeddable":true,"href":"https:\/\/www.latinoutlet.com\/index.php?rest_route=\/wp\/v2\/media\/3913"}],"wp:attachment":[{"href":"https:\/\/www.latinoutlet.com\/index.php?rest_route=%2Fwp%2Fv2%2Fmedia&parent=3906"}],"wp:term":[{"taxonomy":"product_brand","embeddable":true,"href":"https:\/\/www.latinoutlet.com\/index.php?rest_route=%2Fwp%2Fv2%2Fproduct_brand&post=3906"},{"taxonomy":"product_cat","embeddable":true,"href":"https:\/\/www.latinoutlet.com\/index.php?rest_route=%2Fwp%2Fv2%2Fproduct_cat&post=3906"},{"taxonomy":"product_tag","embeddable":true,"href":"https:\/\/www.latinoutlet.com\/index.php?rest_route=%2Fwp%2Fv2%2Fproduct_tag&post=3906"}],"curies":[{"name":"wp","href":"https:\/\/api.w.org\/{rel}","templated":true}]}}