{"id":3954,"date":"2025-09-10T16:40:32","date_gmt":"2025-09-10T16:40:32","guid":{"rendered":"https:\/\/www.latinoutlet.com\/?product=juego-didactico-de-formas-d"},"modified":"2025-09-10T16:41:30","modified_gmt":"2025-09-10T16:41:30","slug":"juego-didactico-de-formas-d","status":"publish","type":"product","link":"https:\/\/www.latinoutlet.com\/?product=juego-didactico-de-formas-d","title":{"rendered":"JUEGO DIDACTICO DE FORMAS D"},"content":{"rendered":"<p>Acerca de este art\u00edculo<\/p>\n<p>[Mejora la imaginaci\u00f3n] El tablero de garabatos magn\u00e9tico es un juguete de aprendizaje educativo donde los ni\u00f1os pueden dibujar sus patrones de dise\u00f1o, alent\u00e1ndolos a practicar habilidades para resolver problemas, mejorar la imaginaci\u00f3n y reducir el tiempo de pantalla.<\/p>\n<p>[Reutilizable] El tablero de garabatos de puntos magn\u00e9ticos es f\u00e1cil de borrar verticalmente y se puede usar una y otra vez. Los ni\u00f1os pueden magnetizar, deslizar y dejar los frijoles redondos de colores para mejorar sus habilidades motoras gruesas y finas.<\/p>\n<p>[Tarjetas de inserci\u00f3n de doble cara] Este tablero de dibujo de puntos para ni\u00f1os f\u00e1cil de usar incluye 9 tarjetas de inserci\u00f3n de doble cara que se deslizan dentro y fuera de la bandeja para que el beb\u00e9 un dise\u00f1o que coincida con los imanes.<\/p>\n<p>[Mano de obra fina] Tablero de dibujo magn\u00e9tico con bordes redondeados, sin rebabas, c\u00f3modo al tacto, no rayar\u00e1 al ni\u00f1o. Hecho de materiales de primera calidad, sin pintura, no t\u00f3xico, no contaminante, seguro para que jueguen los ni\u00f1os.<\/p>\n<p>[Seguro y libre de desorden] Los puntos de este tablero de dibujo con bol\u00edgrafo magn\u00e9tico est\u00e1n completamente sellados dentro del tablero, por lo que los m\u00e1s peque\u00f1os pueden disfrutar jugando y dibujando durante horas sin sufrir desorden ni peligro.<\/p>\n","protected":false},"excerpt":{"rendered":"<p>Acerca de este art\u00edculo [Mejora la imaginaci\u00f3n] El tablero de garabatos magn\u00e9tico es un juguete de aprendizaje educativo donde los ni\u00f1os pueden dibujar sus patrones de dise\u00f1o, alent\u00e1ndolos a practicar habilidades para resolver problemas, mejorar la imaginaci\u00f3n y reducir el tiempo de pantalla. [Reutilizable] El tablero de garabatos de puntos magn\u00e9ticos es f\u00e1cil de borrar [&hellip;]<\/p>\n","protected":false},"featured_media":3962,"comment_status":"open","ping_status":"closed","template":"","meta":{"pagelayer_contact_templates":[],"_pagelayer_content":""},"product_brand":[],"product_cat":[49,33],"product_tag":[],"class_list":{"0":"post-3954","1":"product","2":"type-product","3":"status-publish","4":"has-post-thumbnail","6":"product_cat-bebe","7":"product_cat-jugueteria","9":"first","10":"instock","11":"taxable","12":"shipping-taxable","13":"purchasable","14":"product-type-variable"},"aioseo_notices":[],"_links":{"self":[{"href":"https:\/\/www.latinoutlet.com\/index.php?rest_route=\/wp\/v2\/product\/3954","targetHints":{"allow":["GET"]}}],"collection":[{"href":"https:\/\/www.latinoutlet.com\/index.php?rest_route=\/wp\/v2\/product"}],"about":[{"href":"https:\/\/www.latinoutlet.com\/index.php?rest_route=\/wp\/v2\/types\/product"}],"replies":[{"embeddable":true,"href":"https:\/\/www.latinoutlet.com\/index.php?rest_route=%2Fwp%2Fv2%2Fcomments&post=3954"}],"wp:featuredmedia":[{"embeddable":true,"href":"https:\/\/www.latinoutlet.com\/index.php?rest_route=\/wp\/v2\/media\/3962"}],"wp:attachment":[{"href":"https:\/\/www.latinoutlet.com\/index.php?rest_route=%2Fwp%2Fv2%2Fmedia&parent=3954"}],"wp:term":[{"taxonomy":"product_brand","embeddable":true,"href":"https:\/\/www.latinoutlet.com\/index.php?rest_route=%2Fwp%2Fv2%2Fproduct_brand&post=3954"},{"taxonomy":"product_cat","embeddable":true,"href":"https:\/\/www.latinoutlet.com\/index.php?rest_route=%2Fwp%2Fv2%2Fproduct_cat&post=3954"},{"taxonomy":"product_tag","embeddable":true,"href":"https:\/\/www.latinoutlet.com\/index.php?rest_route=%2Fwp%2Fv2%2Fproduct_tag&post=3954"}],"curies":[{"name":"wp","href":"https:\/\/api.w.org\/{rel}","templated":true}]}}