{"id":3974,"date":"2025-09-10T16:46:02","date_gmt":"2025-09-10T16:46:02","guid":{"rendered":"https:\/\/www.latinoutlet.com\/?product=tendedero-retractil"},"modified":"2025-09-10T16:47:22","modified_gmt":"2025-09-10T16:47:22","slug":"tendedero-retractil","status":"publish","type":"product","link":"https:\/\/www.latinoutlet.com\/?product=tendedero-retractil","title":{"rendered":"TENDEDERO RETRACTIL"},"content":{"rendered":"<p>TENDEDERO RETRACTIL<\/p>\n<p>Descripci\u00f3n:<\/p>\n<p>Muy f\u00e1cil de retraer si es necesario mover la l\u00ednea de nuevo a su funda para un f\u00e1cil almacenamiento<br \/>\nSe puede utilizar para colgar trajes de ba\u00f1o h\u00famedos, ropa de beb\u00e9, delicado que no se puede secar a m\u00e1quina.<br \/>\nGran incorporaci\u00f3n a cualquier hogar, hotel, interiores y exteriores, lavander\u00eda y barco.<br \/>\nAcabado cromado pulido, hace que el art\u00edculo no se oxide ni se corroa por uso diario.<br \/>\nGran idea de regalo para hombres, mujeres, madres, hogar y familia, buena opci\u00f3n para regalo de Navidad y A\u00f1o Nuevo.<br \/>\nEspecificaci\u00f3n:<\/p>\n<p>Material principal: acero inoxidable.<br \/>\nTipo: l\u00ednea de ropa retr\u00e1ctil.<br \/>\nColor: plata<br \/>\nDi\u00e1metro de la Base de la l\u00ednea de ropa: aprox. 9,5 cm\/3,7&#8243;<br \/>\nLongitud de la l\u00ednea: aprox. 2,8 M \/ 110&#8243;<br \/>\nProducto contiene:<br \/>\n1 x l\u00ednea de ropa retr\u00e1ctil de acero inoxidable.<br \/>\n4 x tornillos<\/p>\n","protected":false},"excerpt":{"rendered":"<p>TENDEDERO RETRACTIL Descripci\u00f3n: Muy f\u00e1cil de retraer si es necesario mover la l\u00ednea de nuevo a su funda para un f\u00e1cil almacenamiento Se puede utilizar para colgar trajes de ba\u00f1o h\u00famedos, ropa de beb\u00e9, delicado que no se puede secar a m\u00e1quina. Gran incorporaci\u00f3n a cualquier hogar, hotel, interiores y exteriores, lavander\u00eda y barco. Acabado [&hellip;]<\/p>\n","protected":false},"featured_media":3985,"comment_status":"open","ping_status":"closed","template":"","meta":{"pagelayer_contact_templates":[],"_pagelayer_content":""},"product_brand":[],"product_cat":[35],"product_tag":[],"class_list":{"0":"post-3974","1":"product","2":"type-product","3":"status-publish","4":"has-post-thumbnail","6":"product_cat-hogar","8":"first","9":"instock","10":"taxable","11":"shipping-taxable","12":"purchasable","13":"product-type-simple"},"aioseo_notices":[],"_links":{"self":[{"href":"https:\/\/www.latinoutlet.com\/index.php?rest_route=\/wp\/v2\/product\/3974","targetHints":{"allow":["GET"]}}],"collection":[{"href":"https:\/\/www.latinoutlet.com\/index.php?rest_route=\/wp\/v2\/product"}],"about":[{"href":"https:\/\/www.latinoutlet.com\/index.php?rest_route=\/wp\/v2\/types\/product"}],"replies":[{"embeddable":true,"href":"https:\/\/www.latinoutlet.com\/index.php?rest_route=%2Fwp%2Fv2%2Fcomments&post=3974"}],"wp:featuredmedia":[{"embeddable":true,"href":"https:\/\/www.latinoutlet.com\/index.php?rest_route=\/wp\/v2\/media\/3985"}],"wp:attachment":[{"href":"https:\/\/www.latinoutlet.com\/index.php?rest_route=%2Fwp%2Fv2%2Fmedia&parent=3974"}],"wp:term":[{"taxonomy":"product_brand","embeddable":true,"href":"https:\/\/www.latinoutlet.com\/index.php?rest_route=%2Fwp%2Fv2%2Fproduct_brand&post=3974"},{"taxonomy":"product_cat","embeddable":true,"href":"https:\/\/www.latinoutlet.com\/index.php?rest_route=%2Fwp%2Fv2%2Fproduct_cat&post=3974"},{"taxonomy":"product_tag","embeddable":true,"href":"https:\/\/www.latinoutlet.com\/index.php?rest_route=%2Fwp%2Fv2%2Fproduct_tag&post=3974"}],"curies":[{"name":"wp","href":"https:\/\/api.w.org\/{rel}","templated":true}]}}