{"id":4420,"date":"2025-09-12T15:05:56","date_gmt":"2025-09-12T15:05:56","guid":{"rendered":"https:\/\/www.latinoutlet.com\/?product=asador-portatil-d"},"modified":"2025-09-12T15:07:20","modified_gmt":"2025-09-12T15:07:20","slug":"asador-portatil-d","status":"publish","type":"product","link":"https:\/\/www.latinoutlet.com\/?product=asador-portatil-d","title":{"rendered":"ASADOR PORTATIL D"},"content":{"rendered":"<p>Descripci\u00f3n:<\/p>\n<p>Placas de acero inoxidable duraderas que se cruzan entre s\u00ed para crear una construcci\u00f3n estable.<\/p>\n<p>Ventilaciones inferiores para una buena ventilaci\u00f3n y eficiencia de combusti\u00f3n.<\/p>\n<p>La Placa de parrilla sirve como plataforma para cocinar olla o barbacoa.<\/p>\n<p>Aproveche al m\u00e1ximo el combustible ilimitado recogido de su caminata, como ramitas, ramas, papel y hojas.<\/p>\n<p>F\u00e1cil de montar y desmontar, ideal para camping, senderismo, mochilero, barbacoa, etc.<\/p>\n","protected":false},"excerpt":{"rendered":"<p>Descripci\u00f3n: Placas de acero inoxidable duraderas que se cruzan entre s\u00ed para crear una construcci\u00f3n estable. Ventilaciones inferiores para una buena ventilaci\u00f3n y eficiencia de combusti\u00f3n. La Placa de parrilla sirve como plataforma para cocinar olla o barbacoa. Aproveche al m\u00e1ximo el combustible ilimitado recogido de su caminata, como ramitas, ramas, papel y hojas. F\u00e1cil [&hellip;]<\/p>\n","protected":false},"featured_media":4426,"comment_status":"open","ping_status":"closed","template":"","meta":{"pagelayer_contact_templates":[],"_pagelayer_content":""},"product_brand":[],"product_cat":[35],"product_tag":[],"class_list":{"0":"post-4420","1":"product","2":"type-product","3":"status-publish","4":"has-post-thumbnail","6":"product_cat-hogar","8":"first","9":"instock","10":"taxable","11":"shipping-taxable","12":"purchasable","13":"product-type-simple"},"aioseo_notices":[],"_links":{"self":[{"href":"https:\/\/www.latinoutlet.com\/index.php?rest_route=\/wp\/v2\/product\/4420","targetHints":{"allow":["GET"]}}],"collection":[{"href":"https:\/\/www.latinoutlet.com\/index.php?rest_route=\/wp\/v2\/product"}],"about":[{"href":"https:\/\/www.latinoutlet.com\/index.php?rest_route=\/wp\/v2\/types\/product"}],"replies":[{"embeddable":true,"href":"https:\/\/www.latinoutlet.com\/index.php?rest_route=%2Fwp%2Fv2%2Fcomments&post=4420"}],"wp:featuredmedia":[{"embeddable":true,"href":"https:\/\/www.latinoutlet.com\/index.php?rest_route=\/wp\/v2\/media\/4426"}],"wp:attachment":[{"href":"https:\/\/www.latinoutlet.com\/index.php?rest_route=%2Fwp%2Fv2%2Fmedia&parent=4420"}],"wp:term":[{"taxonomy":"product_brand","embeddable":true,"href":"https:\/\/www.latinoutlet.com\/index.php?rest_route=%2Fwp%2Fv2%2Fproduct_brand&post=4420"},{"taxonomy":"product_cat","embeddable":true,"href":"https:\/\/www.latinoutlet.com\/index.php?rest_route=%2Fwp%2Fv2%2Fproduct_cat&post=4420"},{"taxonomy":"product_tag","embeddable":true,"href":"https:\/\/www.latinoutlet.com\/index.php?rest_route=%2Fwp%2Fv2%2Fproduct_tag&post=4420"}],"curies":[{"name":"wp","href":"https:\/\/api.w.org\/{rel}","templated":true}]}}