{"id":4427,"date":"2025-09-12T15:08:09","date_gmt":"2025-09-12T15:08:09","guid":{"rendered":"https:\/\/www.latinoutlet.com\/?product=mini-torre-ventilador-de-escritorio"},"modified":"2025-09-12T15:09:33","modified_gmt":"2025-09-12T15:09:33","slug":"mini-torre-ventilador-de-escritorio","status":"publish","type":"product","link":"https:\/\/www.latinoutlet.com\/?product=mini-torre-ventilador-de-escritorio","title":{"rendered":"MINI TORRE VENTILADOR DE ESCRITORIO"},"content":{"rendered":"<p>Sobre este art\u00edculo<br \/>\nHorizontal\/Vertical: el ventilador de torre para dormitorio puede barrer el aire de forma flexible horizontal o verticalmente, y suministrar aire en un gran angular de 90\u00b0 para garantizar una amplia circulaci\u00f3n de aire en toda la habitaci\u00f3n. Di adi\u00f3s a los puntos calientes y disfruta de brisas frescas y refrescantes desde todos los \u00e1ngulos.<br \/>\nCompacto y ahorro de espacio: mide 4.0 x 11.5 in\/4.02 x 11.50 pulgadas, los ventiladores de torre oscilantes se mezclan perfectamente en cualquier habitaci\u00f3n, col\u00f3calo en una esquina, junto a tu cama o en un cub\u00edculo de oficina para una refrigeraci\u00f3n eficiente.<br \/>\nVersatilidad: ya sea que necesite enfriar su dormitorio, sala de estar, cocina u oficina, el tama\u00f1o compacto del ventilador de torre para dormitorio lo hace perfecto para cualquier habitaci\u00f3n de su hogar o lugar de trabajo, y cuenta con carga USB para facilitar su uso.<br \/>\n3 velocidades de viento: el ventilador de torre tiene una pala de ventilador de turbina de aleaci\u00f3n de aluminio de alta resistencia incorporada de 20 palas, que acelera el flujo de aire varias veces para hacer que el viento sea m\u00e1s fuerte. Tiene 3 niveles de ajuste de velocidad del viento y operaci\u00f3n con un bot\u00f3n, que puede proporcionar una brisa fuerte y proporcionarte r\u00e1pidamente espacio para refrescarte.<br \/>\nFuncionamiento silencioso: el ventilador de torre adopta tecnolog\u00eda avanzada de reducci\u00f3n de ruido y funciona silenciosamente a 40 decibelios, lo que le permite disfrutar de un ambiente tranquilo sin ning\u00fan ruido molesto. Es ideal para dormitorios, guarder\u00edas y oficinas que requieren tranquilidad.<\/p>\n","protected":false},"excerpt":{"rendered":"<p>Sobre este art\u00edculo Horizontal\/Vertical: el ventilador de torre para dormitorio puede barrer el aire de forma flexible horizontal o verticalmente, y suministrar aire en un gran angular de 90\u00b0 para garantizar una amplia circulaci\u00f3n de aire en toda la habitaci\u00f3n. Di adi\u00f3s a los puntos calientes y disfruta de brisas frescas y refrescantes desde todos [&hellip;]<\/p>\n","protected":false},"featured_media":4433,"comment_status":"open","ping_status":"closed","template":"","meta":{"pagelayer_contact_templates":[],"_pagelayer_content":""},"product_brand":[],"product_cat":[35],"product_tag":[],"class_list":{"0":"post-4427","1":"product","2":"type-product","3":"status-publish","4":"has-post-thumbnail","6":"product_cat-hogar","8":"first","9":"instock","10":"taxable","11":"shipping-taxable","12":"purchasable","13":"product-type-simple"},"aioseo_notices":[],"_links":{"self":[{"href":"https:\/\/www.latinoutlet.com\/index.php?rest_route=\/wp\/v2\/product\/4427","targetHints":{"allow":["GET"]}}],"collection":[{"href":"https:\/\/www.latinoutlet.com\/index.php?rest_route=\/wp\/v2\/product"}],"about":[{"href":"https:\/\/www.latinoutlet.com\/index.php?rest_route=\/wp\/v2\/types\/product"}],"replies":[{"embeddable":true,"href":"https:\/\/www.latinoutlet.com\/index.php?rest_route=%2Fwp%2Fv2%2Fcomments&post=4427"}],"wp:featuredmedia":[{"embeddable":true,"href":"https:\/\/www.latinoutlet.com\/index.php?rest_route=\/wp\/v2\/media\/4433"}],"wp:attachment":[{"href":"https:\/\/www.latinoutlet.com\/index.php?rest_route=%2Fwp%2Fv2%2Fmedia&parent=4427"}],"wp:term":[{"taxonomy":"product_brand","embeddable":true,"href":"https:\/\/www.latinoutlet.com\/index.php?rest_route=%2Fwp%2Fv2%2Fproduct_brand&post=4427"},{"taxonomy":"product_cat","embeddable":true,"href":"https:\/\/www.latinoutlet.com\/index.php?rest_route=%2Fwp%2Fv2%2Fproduct_cat&post=4427"},{"taxonomy":"product_tag","embeddable":true,"href":"https:\/\/www.latinoutlet.com\/index.php?rest_route=%2Fwp%2Fv2%2Fproduct_tag&post=4427"}],"curies":[{"name":"wp","href":"https:\/\/api.w.org\/{rel}","templated":true}]}}