{"id":4539,"date":"2025-09-12T15:49:39","date_gmt":"2025-09-12T15:49:39","guid":{"rendered":"https:\/\/www.latinoutlet.com\/?product=mini-plancha-plegable"},"modified":"2025-09-12T15:51:05","modified_gmt":"2025-09-12T15:51:05","slug":"mini-plancha-plegable","status":"publish","type":"product","link":"https:\/\/www.latinoutlet.com\/?product=mini-plancha-plegable","title":{"rendered":"MINI PLANCHA PLEGABLE"},"content":{"rendered":"<p>Miniplancha plegable port\u00e1til de hierro<\/p>\n<p>, accesorio compacto con Touchup, perfecto, plegable, para viaje, env\u00edo directoDise\u00f1o de agarre c\u00f3modo y dise\u00f1o compacto: el dise\u00f1o de agarre c\u00f3modo te permite agarrarlo con facilidad y comodidad. Y el dise\u00f1o compacto puede hacer que se pliegue perfectamente para que su almacenamiento y viaje sea muy sencillo.<\/p>\n<p>6 configuraciones de calor: presione el bot\u00f3n de encendido para pasar a la configuraci\u00f3n de calor deseada que incluye lino, mezclilla, algod\u00f3n, lana, seda y poli\u00e9ster.Alas abatibles: alas abatibles para el planchado tradicional cuando necesita algo m\u00e1s que un simple retoque. Planchar es r\u00e1pido y f\u00e1cil con las alas abatibles.<\/p>\n<p>Placas antiadherentes: las placas calefactoras antiadherentes dobles se deslizan suavemente por todas las telas. Sin amontonamientos, manchas ni quemaduras.<\/p>\n<p>Retoques: la plancha de mini cuello especialmente \u00fatil para \u00e1reas peque\u00f1as como cuellos, bolsillos o perneras de pantalones, simplemente recorta los lados de la plancha<\/p>\n","protected":false},"excerpt":{"rendered":"<p>Miniplancha plegable port\u00e1til de hierro , accesorio compacto con Touchup, perfecto, plegable, para viaje, env\u00edo directoDise\u00f1o de agarre c\u00f3modo y dise\u00f1o compacto: el dise\u00f1o de agarre c\u00f3modo te permite agarrarlo con facilidad y comodidad. Y el dise\u00f1o compacto puede hacer que se pliegue perfectamente para que su almacenamiento y viaje sea muy sencillo. 6 configuraciones [&hellip;]<\/p>\n","protected":false},"featured_media":4545,"comment_status":"open","ping_status":"closed","template":"","meta":{"pagelayer_contact_templates":[],"_pagelayer_content":""},"product_brand":[],"product_cat":[35],"product_tag":[],"class_list":{"0":"post-4539","1":"product","2":"type-product","3":"status-publish","4":"has-post-thumbnail","6":"product_cat-hogar","8":"first","9":"instock","10":"taxable","11":"shipping-taxable","12":"purchasable","13":"product-type-simple"},"aioseo_notices":[],"_links":{"self":[{"href":"https:\/\/www.latinoutlet.com\/index.php?rest_route=\/wp\/v2\/product\/4539","targetHints":{"allow":["GET"]}}],"collection":[{"href":"https:\/\/www.latinoutlet.com\/index.php?rest_route=\/wp\/v2\/product"}],"about":[{"href":"https:\/\/www.latinoutlet.com\/index.php?rest_route=\/wp\/v2\/types\/product"}],"replies":[{"embeddable":true,"href":"https:\/\/www.latinoutlet.com\/index.php?rest_route=%2Fwp%2Fv2%2Fcomments&post=4539"}],"wp:featuredmedia":[{"embeddable":true,"href":"https:\/\/www.latinoutlet.com\/index.php?rest_route=\/wp\/v2\/media\/4545"}],"wp:attachment":[{"href":"https:\/\/www.latinoutlet.com\/index.php?rest_route=%2Fwp%2Fv2%2Fmedia&parent=4539"}],"wp:term":[{"taxonomy":"product_brand","embeddable":true,"href":"https:\/\/www.latinoutlet.com\/index.php?rest_route=%2Fwp%2Fv2%2Fproduct_brand&post=4539"},{"taxonomy":"product_cat","embeddable":true,"href":"https:\/\/www.latinoutlet.com\/index.php?rest_route=%2Fwp%2Fv2%2Fproduct_cat&post=4539"},{"taxonomy":"product_tag","embeddable":true,"href":"https:\/\/www.latinoutlet.com\/index.php?rest_route=%2Fwp%2Fv2%2Fproduct_tag&post=4539"}],"curies":[{"name":"wp","href":"https:\/\/api.w.org\/{rel}","templated":true}]}}