{"id":4546,"date":"2025-09-12T15:51:33","date_gmt":"2025-09-12T15:51:33","guid":{"rendered":"https:\/\/www.latinoutlet.com\/?product=biberon-de-bebe"},"modified":"2025-09-12T15:52:43","modified_gmt":"2025-09-12T15:52:43","slug":"biberon-de-bebe","status":"publish","type":"product","link":"https:\/\/www.latinoutlet.com\/?product=biberon-de-bebe","title":{"rendered":"BIBERON DE BEBE"},"content":{"rendered":"<p>FICHA TECNICA BIBERON 250 ML<\/p>\n<p>Biber\u00f3n sin BPA, biber\u00f3n de silicona, biber\u00f3n de manos libres. Cuando el ni\u00f1o haya terminado de beber leche, el pez\u00f3n puede hacer que el ni\u00f1o juegue como un chupete. Este es un muy buen juguete.<\/p>\n","protected":false},"excerpt":{"rendered":"<p>FICHA TECNICA BIBERON 250 ML Biber\u00f3n sin BPA, biber\u00f3n de silicona, biber\u00f3n de manos libres. Cuando el ni\u00f1o haya terminado de beber leche, el pez\u00f3n puede hacer que el ni\u00f1o juegue como un chupete. Este es un muy buen juguete.<\/p>\n","protected":false},"featured_media":4552,"comment_status":"open","ping_status":"closed","template":"","meta":{"pagelayer_contact_templates":[],"_pagelayer_content":""},"product_brand":[],"product_cat":[49],"product_tag":[],"class_list":{"0":"post-4546","1":"product","2":"type-product","3":"status-publish","4":"has-post-thumbnail","6":"product_cat-bebe","8":"first","9":"instock","10":"taxable","11":"shipping-taxable","12":"purchasable","13":"product-type-simple"},"aioseo_notices":[],"_links":{"self":[{"href":"https:\/\/www.latinoutlet.com\/index.php?rest_route=\/wp\/v2\/product\/4546","targetHints":{"allow":["GET"]}}],"collection":[{"href":"https:\/\/www.latinoutlet.com\/index.php?rest_route=\/wp\/v2\/product"}],"about":[{"href":"https:\/\/www.latinoutlet.com\/index.php?rest_route=\/wp\/v2\/types\/product"}],"replies":[{"embeddable":true,"href":"https:\/\/www.latinoutlet.com\/index.php?rest_route=%2Fwp%2Fv2%2Fcomments&post=4546"}],"wp:featuredmedia":[{"embeddable":true,"href":"https:\/\/www.latinoutlet.com\/index.php?rest_route=\/wp\/v2\/media\/4552"}],"wp:attachment":[{"href":"https:\/\/www.latinoutlet.com\/index.php?rest_route=%2Fwp%2Fv2%2Fmedia&parent=4546"}],"wp:term":[{"taxonomy":"product_brand","embeddable":true,"href":"https:\/\/www.latinoutlet.com\/index.php?rest_route=%2Fwp%2Fv2%2Fproduct_brand&post=4546"},{"taxonomy":"product_cat","embeddable":true,"href":"https:\/\/www.latinoutlet.com\/index.php?rest_route=%2Fwp%2Fv2%2Fproduct_cat&post=4546"},{"taxonomy":"product_tag","embeddable":true,"href":"https:\/\/www.latinoutlet.com\/index.php?rest_route=%2Fwp%2Fv2%2Fproduct_tag&post=4546"}],"curies":[{"name":"wp","href":"https:\/\/api.w.org\/{rel}","templated":true}]}}