{"id":4560,"date":"2025-09-12T15:55:18","date_gmt":"2025-09-12T15:55:18","guid":{"rendered":"https:\/\/www.latinoutlet.com\/?product=cepillo-secador-plano"},"modified":"2025-09-12T15:57:05","modified_gmt":"2025-09-12T15:57:05","slug":"cepillo-secador-plano","status":"publish","type":"product","link":"https:\/\/www.latinoutlet.com\/?product=cepillo-secador-plano","title":{"rendered":"CEPILLO SECADOR PLANO"},"content":{"rendered":"<p>Descripci\u00f3n<br \/>\nCEPILLO SECADOR<br \/>\n\u2022 Secador y estilizador en un solo paso.<br \/>\n\u2022 El PODER de un secador de estilo con PRECISI\u00d3N .<br \/>\n\u2022 Liso, resultados sin Frizz en la mitad del tiempo.<br \/>\n\u2022 Flexible sin enredos de cerdas.<br \/>\n\u2022 Condicionamiento i\u00f3nico.<br \/>\n\u2022 2 ajustes de calor.<br \/>\nIncluye la opci\u00f3n Cool<br \/>\nCaracter\u00edsticas.<br \/>\nEste exclusivo cepillo secador de pelo, combina el secado y peinado en un solo paso f\u00e1cil. Las cerdas flexibles que no se enredan, con puntas de bola para masajear y el ionizador reducen el encrespamiento y m\u00e1s. El secador cuenta con 2 ajustes de calor e incluye un bot\u00f3n de fr\u00edo y un cable de 6 pies que no se enreda. 1000 voltios. Color \u2013 Negro<\/p>\n","protected":false},"excerpt":{"rendered":"<p>Descripci\u00f3n CEPILLO SECADOR \u2022 Secador y estilizador en un solo paso. \u2022 El PODER de un secador de estilo con PRECISI\u00d3N . \u2022 Liso, resultados sin Frizz en la mitad del tiempo. \u2022 Flexible sin enredos de cerdas. \u2022 Condicionamiento i\u00f3nico. \u2022 2 ajustes de calor. Incluye la opci\u00f3n Cool Caracter\u00edsticas. Este exclusivo cepillo secador [&hellip;]<\/p>\n","protected":false},"featured_media":4566,"comment_status":"open","ping_status":"closed","template":"","meta":{"pagelayer_contact_templates":[],"_pagelayer_content":""},"product_brand":[],"product_cat":[30,35],"product_tag":[],"class_list":{"0":"post-4560","1":"product","2":"type-product","3":"status-publish","4":"has-post-thumbnail","6":"product_cat-belleza","7":"product_cat-hogar","9":"first","10":"instock","11":"taxable","12":"shipping-taxable","13":"purchasable","14":"product-type-simple"},"aioseo_notices":[],"_links":{"self":[{"href":"https:\/\/www.latinoutlet.com\/index.php?rest_route=\/wp\/v2\/product\/4560","targetHints":{"allow":["GET"]}}],"collection":[{"href":"https:\/\/www.latinoutlet.com\/index.php?rest_route=\/wp\/v2\/product"}],"about":[{"href":"https:\/\/www.latinoutlet.com\/index.php?rest_route=\/wp\/v2\/types\/product"}],"replies":[{"embeddable":true,"href":"https:\/\/www.latinoutlet.com\/index.php?rest_route=%2Fwp%2Fv2%2Fcomments&post=4560"}],"wp:featuredmedia":[{"embeddable":true,"href":"https:\/\/www.latinoutlet.com\/index.php?rest_route=\/wp\/v2\/media\/4566"}],"wp:attachment":[{"href":"https:\/\/www.latinoutlet.com\/index.php?rest_route=%2Fwp%2Fv2%2Fmedia&parent=4560"}],"wp:term":[{"taxonomy":"product_brand","embeddable":true,"href":"https:\/\/www.latinoutlet.com\/index.php?rest_route=%2Fwp%2Fv2%2Fproduct_brand&post=4560"},{"taxonomy":"product_cat","embeddable":true,"href":"https:\/\/www.latinoutlet.com\/index.php?rest_route=%2Fwp%2Fv2%2Fproduct_cat&post=4560"},{"taxonomy":"product_tag","embeddable":true,"href":"https:\/\/www.latinoutlet.com\/index.php?rest_route=%2Fwp%2Fv2%2Fproduct_tag&post=4560"}],"curies":[{"name":"wp","href":"https:\/\/api.w.org\/{rel}","templated":true}]}}