{"id":4797,"date":"2025-09-12T20:47:12","date_gmt":"2025-09-12T20:47:12","guid":{"rendered":"https:\/\/www.latinoutlet.com\/?product=caja-organizadora-para-cosmeticos-d"},"modified":"2025-09-12T20:49:02","modified_gmt":"2025-09-12T20:49:02","slug":"caja-organizadora-para-cosmeticos-d","status":"publish","type":"product","link":"https:\/\/www.latinoutlet.com\/?product=caja-organizadora-para-cosmeticos-d","title":{"rendered":"CAJA ORGANIZADORA PARA COSMETICOS D"},"content":{"rendered":"<p>producto de gran calidad a tu alcance! optimo para que guardes tus cosm\u00e9ticos, joyas y dem\u00e1s! hermosa y optima para tu organizacion de belleza!<br \/>\nContiene 4 comportamientos y base superior acr\u00edlica transparente y hermosa!<br \/>\nMedidas 23.5 x 13.5 x 18.5 cms<br \/>\nColor: Transparente<br \/>\n100% nueva calidad<br \/>\nMaterial: de pl\u00e1stico acrilico<br \/>\nDe almacenamiento de cosm\u00e9ticos<br \/>\nLimpia de mesa cosmetiquera!<br \/>\nAlmacenamiento multicapa de gran capacidad, inducci\u00f3n conveniente<br \/>\nGota resistente al desgaste ( tiene telas de protecci\u00f3n en sus cajones )<\/p>\n","protected":false},"excerpt":{"rendered":"<p>producto de gran calidad a tu alcance! optimo para que guardes tus cosm\u00e9ticos, joyas y dem\u00e1s! hermosa y optima para tu organizacion de belleza! Contiene 4 comportamientos y base superior acr\u00edlica transparente y hermosa! Medidas 23.5 x 13.5 x 18.5 cms Color: Transparente 100% nueva calidad Material: de pl\u00e1stico acrilico De almacenamiento de cosm\u00e9ticos Limpia [&hellip;]<\/p>\n","protected":false},"featured_media":4802,"comment_status":"open","ping_status":"closed","template":"","meta":{"pagelayer_contact_templates":[],"_pagelayer_content":""},"product_brand":[],"product_cat":[30,35],"product_tag":[],"class_list":{"0":"post-4797","1":"product","2":"type-product","3":"status-publish","4":"has-post-thumbnail","6":"product_cat-belleza","7":"product_cat-hogar","9":"first","10":"instock","11":"taxable","12":"shipping-taxable","13":"purchasable","14":"product-type-simple"},"aioseo_notices":[],"_links":{"self":[{"href":"https:\/\/www.latinoutlet.com\/index.php?rest_route=\/wp\/v2\/product\/4797","targetHints":{"allow":["GET"]}}],"collection":[{"href":"https:\/\/www.latinoutlet.com\/index.php?rest_route=\/wp\/v2\/product"}],"about":[{"href":"https:\/\/www.latinoutlet.com\/index.php?rest_route=\/wp\/v2\/types\/product"}],"replies":[{"embeddable":true,"href":"https:\/\/www.latinoutlet.com\/index.php?rest_route=%2Fwp%2Fv2%2Fcomments&post=4797"}],"wp:featuredmedia":[{"embeddable":true,"href":"https:\/\/www.latinoutlet.com\/index.php?rest_route=\/wp\/v2\/media\/4802"}],"wp:attachment":[{"href":"https:\/\/www.latinoutlet.com\/index.php?rest_route=%2Fwp%2Fv2%2Fmedia&parent=4797"}],"wp:term":[{"taxonomy":"product_brand","embeddable":true,"href":"https:\/\/www.latinoutlet.com\/index.php?rest_route=%2Fwp%2Fv2%2Fproduct_brand&post=4797"},{"taxonomy":"product_cat","embeddable":true,"href":"https:\/\/www.latinoutlet.com\/index.php?rest_route=%2Fwp%2Fv2%2Fproduct_cat&post=4797"},{"taxonomy":"product_tag","embeddable":true,"href":"https:\/\/www.latinoutlet.com\/index.php?rest_route=%2Fwp%2Fv2%2Fproduct_tag&post=4797"}],"curies":[{"name":"wp","href":"https:\/\/api.w.org\/{rel}","templated":true}]}}