{"id":4804,"date":"2025-09-12T20:49:43","date_gmt":"2025-09-12T20:49:43","guid":{"rendered":"https:\/\/www.latinoutlet.com\/?product=ventilador-wall-mounted"},"modified":"2025-09-12T20:50:41","modified_gmt":"2025-09-12T20:50:41","slug":"ventilador-wall-mounted","status":"publish","type":"product","link":"https:\/\/www.latinoutlet.com\/?product=ventilador-wall-mounted","title":{"rendered":"VENTILADOR &#8211; WALL MOUNTED"},"content":{"rendered":"<p>CALEFACTOR DE ESPACIOS<\/p>\n<p>Caracter\u00edsticas:<\/p>\n<p>M\u00c1QUINA DE CALEFACCI\u00d3N Y REFRIGERACI\u00d3N 2 EN 1: Dise\u00f1o con funci\u00f3n de calentador y enfriador 2 en 1, que no solo se usa en la temporada calurosa de verano para enfriar la temperatura ambiente, sino tambi\u00e9n c\u00e1lido y brinda un ambiente c\u00f3modo en el fr\u00edo invierno.<\/p>\n<p>DISE\u00d1O MONTABLE EN PARED: F\u00e1cil de instalar y ahorra espacio, el calentador es ideal para calentar habitaciones con corrientes de aire, como invernaderos, puertas y pasillos de entrada. Y adecuado para uso de escritorio tambi\u00e9n.<\/p>\n<p>EFICIENCIA ENERG\u00c9TICA Y AHORRE SU DINERO: Cuando la temperatura ambiente alcance la temperatura objetivo que estableci\u00f3, el calentador cambiar\u00e1 al modo de temperatura constante. Cuando la temperatura interior est\u00e9 por debajo de la temperatura establecida, el modo de aire caliente se iniciar\u00e1 autom\u00e1ticamente.<\/p>\n<p>Funci\u00f3n de sincronizaci\u00f3n: admite la funci\u00f3n de sincronizaci\u00f3n de 0-6 horas; funciona con poco ruido, mantiene un ambiente tranquilo para dormir.<\/p>\n<p>APAGADO SEGURO Y RETARDO: Despu\u00e9s de presionar el bot\u00f3n de &#8220;encendido&#8221; en el control remoto para apagar, hay un apagado de retardo de 30 segundos, ya que usar\u00e1 el resto del calor interno para disiparse en caso de afectar al funcionamiento de los accesorios internos la pr\u00f3xima vez.<\/p>\n<p>Especificaci\u00f3n:<\/p>\n<p>Color: Blanco<\/p>\n<p>Tama\u00f1o: 54&#215;11,5x20cm\/21,2&#215;4,5&#215;7,8 pulgadas<\/p>\n<p>Voltaje: 110V<\/p>\n<p>Potencia nominal: 1800W<\/p>\n<p>Bater\u00eda de bot\u00f3n: Bater\u00eda de bot\u00f3n CR2025 150mAh<\/p>\n<p>Funci\u00f3n de sincronizaci\u00f3n: 0-6 horas<\/p>\n<p>Tama\u00f1o del paquete: 59x25x17cm\/23,2&#215;9,8&#215;6,7 pulgadas<\/p>\n<p>Peso del paquete: 2308g\/81,4 oz<\/p>\n<p>Lista de embalaje<\/p>\n<p>1 x calentador<\/p>\n<p>1 control remoto<\/p>\n","protected":false},"excerpt":{"rendered":"<p>CALEFACTOR DE ESPACIOS Caracter\u00edsticas: M\u00c1QUINA DE CALEFACCI\u00d3N Y REFRIGERACI\u00d3N 2 EN 1: Dise\u00f1o con funci\u00f3n de calentador y enfriador 2 en 1, que no solo se usa en la temporada calurosa de verano para enfriar la temperatura ambiente, sino tambi\u00e9n c\u00e1lido y brinda un ambiente c\u00f3modo en el fr\u00edo invierno. DISE\u00d1O MONTABLE EN PARED: F\u00e1cil [&hellip;]<\/p>\n","protected":false},"featured_media":4812,"comment_status":"open","ping_status":"closed","template":"","meta":{"pagelayer_contact_templates":[],"_pagelayer_content":""},"product_brand":[],"product_cat":[35],"product_tag":[],"class_list":{"0":"post-4804","1":"product","2":"type-product","3":"status-publish","4":"has-post-thumbnail","6":"product_cat-hogar","8":"first","9":"instock","10":"taxable","11":"shipping-taxable","12":"purchasable","13":"product-type-simple"},"aioseo_notices":[],"_links":{"self":[{"href":"https:\/\/www.latinoutlet.com\/index.php?rest_route=\/wp\/v2\/product\/4804","targetHints":{"allow":["GET"]}}],"collection":[{"href":"https:\/\/www.latinoutlet.com\/index.php?rest_route=\/wp\/v2\/product"}],"about":[{"href":"https:\/\/www.latinoutlet.com\/index.php?rest_route=\/wp\/v2\/types\/product"}],"replies":[{"embeddable":true,"href":"https:\/\/www.latinoutlet.com\/index.php?rest_route=%2Fwp%2Fv2%2Fcomments&post=4804"}],"wp:featuredmedia":[{"embeddable":true,"href":"https:\/\/www.latinoutlet.com\/index.php?rest_route=\/wp\/v2\/media\/4812"}],"wp:attachment":[{"href":"https:\/\/www.latinoutlet.com\/index.php?rest_route=%2Fwp%2Fv2%2Fmedia&parent=4804"}],"wp:term":[{"taxonomy":"product_brand","embeddable":true,"href":"https:\/\/www.latinoutlet.com\/index.php?rest_route=%2Fwp%2Fv2%2Fproduct_brand&post=4804"},{"taxonomy":"product_cat","embeddable":true,"href":"https:\/\/www.latinoutlet.com\/index.php?rest_route=%2Fwp%2Fv2%2Fproduct_cat&post=4804"},{"taxonomy":"product_tag","embeddable":true,"href":"https:\/\/www.latinoutlet.com\/index.php?rest_route=%2Fwp%2Fv2%2Fproduct_tag&post=4804"}],"curies":[{"name":"wp","href":"https:\/\/api.w.org\/{rel}","templated":true}]}}