{"id":4813,"date":"2025-09-12T20:51:15","date_gmt":"2025-09-12T20:51:15","guid":{"rendered":"https:\/\/www.latinoutlet.com\/?product=estante-organizador-para-ropa"},"modified":"2025-09-12T20:52:49","modified_gmt":"2025-09-12T20:52:49","slug":"estante-organizador-para-ropa","status":"publish","type":"product","link":"https:\/\/www.latinoutlet.com\/?product=estante-organizador-para-ropa","title":{"rendered":"ESTANTE ORGANIZADOR PARA ROPA"},"content":{"rendered":"<p>ESTANTE ORGANIZADOR PARA ROPA<\/p>\n<p>Estructura estable y pr\u00e1ctica: con los postes de aluminio en los lados y la parte posterior, el armario es m\u00e1s duradero y f\u00e1cil de plegar. Lejos del suelo, previene eficazmente la humedad y el polvo. Es m\u00e1s f\u00e1cil de limpiar y puedes guardar los zapatos. Al ser armable es port\u00e1til y f\u00e1cil de transportar, por lo que podr\u00e1s cambiarlo de lugar r\u00e1pidamente. Es f\u00e1cil de armar y no requiere herramientas de ensamble.<br \/>\nPROTEGE tus zapatos y ropa gracias a su cubierta exterior a prueba de polvo con cremallera que est\u00e1 hecha de tela no tejida de alta calidad que se ofrece para mantener su art\u00edculo alejado del polvo y las capas de tela impermeable son f\u00e1ciles de limpiar. La funda de tela se puede enrollar y sujetar con velcro, o se puede bajar y cerrar con una cremallera.<br \/>\nDise\u00f1o Minimalista que te permitir\u00e1 crear un espacio simple y ordenado. D\u00e9jate llevar por la simplicidad en sus formas y l\u00edneas puras, para que mantengas tus espacios despejados en un ambiente con equilibrio y armon\u00eda.<br \/>\n\u00a1Estructura RESISTENTE! Nuestro closet cuenta con una base de tubos de aluminio, tela ecol\u00f3gica y conectores de pl\u00e1stico; su peso m\u00e1ximo es de 40 kg de peso y su altura es de 175 cm, ideal para colocar todo tu guardarropa en un mismo lugar.<br \/>\nDimensiones del Producto: 1.75mts (alto), 1.27 mts (Largo), 45 cm (Ancho), 3 Kilogramos (peso)<\/p>\n","protected":false},"excerpt":{"rendered":"<p>ESTANTE ORGANIZADOR PARA ROPA Estructura estable y pr\u00e1ctica: con los postes de aluminio en los lados y la parte posterior, el armario es m\u00e1s duradero y f\u00e1cil de plegar. Lejos del suelo, previene eficazmente la humedad y el polvo. Es m\u00e1s f\u00e1cil de limpiar y puedes guardar los zapatos. Al ser armable es port\u00e1til y [&hellip;]<\/p>\n","protected":false},"featured_media":4818,"comment_status":"open","ping_status":"closed","template":"","meta":{"pagelayer_contact_templates":[],"_pagelayer_content":""},"product_brand":[],"product_cat":[35],"product_tag":[],"class_list":{"0":"post-4813","1":"product","2":"type-product","3":"status-publish","4":"has-post-thumbnail","6":"product_cat-hogar","8":"first","9":"instock","10":"taxable","11":"shipping-taxable","12":"purchasable","13":"product-type-simple"},"aioseo_notices":[],"_links":{"self":[{"href":"https:\/\/www.latinoutlet.com\/index.php?rest_route=\/wp\/v2\/product\/4813","targetHints":{"allow":["GET"]}}],"collection":[{"href":"https:\/\/www.latinoutlet.com\/index.php?rest_route=\/wp\/v2\/product"}],"about":[{"href":"https:\/\/www.latinoutlet.com\/index.php?rest_route=\/wp\/v2\/types\/product"}],"replies":[{"embeddable":true,"href":"https:\/\/www.latinoutlet.com\/index.php?rest_route=%2Fwp%2Fv2%2Fcomments&post=4813"}],"wp:featuredmedia":[{"embeddable":true,"href":"https:\/\/www.latinoutlet.com\/index.php?rest_route=\/wp\/v2\/media\/4818"}],"wp:attachment":[{"href":"https:\/\/www.latinoutlet.com\/index.php?rest_route=%2Fwp%2Fv2%2Fmedia&parent=4813"}],"wp:term":[{"taxonomy":"product_brand","embeddable":true,"href":"https:\/\/www.latinoutlet.com\/index.php?rest_route=%2Fwp%2Fv2%2Fproduct_brand&post=4813"},{"taxonomy":"product_cat","embeddable":true,"href":"https:\/\/www.latinoutlet.com\/index.php?rest_route=%2Fwp%2Fv2%2Fproduct_cat&post=4813"},{"taxonomy":"product_tag","embeddable":true,"href":"https:\/\/www.latinoutlet.com\/index.php?rest_route=%2Fwp%2Fv2%2Fproduct_tag&post=4813"}],"curies":[{"name":"wp","href":"https:\/\/api.w.org\/{rel}","templated":true}]}}