{"id":5031,"date":"2025-09-16T16:26:06","date_gmt":"2025-09-16T16:26:06","guid":{"rendered":"https:\/\/www.latinoutlet.com\/?product=tapas-silicona-x6-piezas"},"modified":"2025-09-16T16:26:57","modified_gmt":"2025-09-16T16:26:57","slug":"tapas-silicona-x6-piezas","status":"publish","type":"product","link":"https:\/\/www.latinoutlet.com\/?product=tapas-silicona-x6-piezas","title":{"rendered":"TAPAS SILICONA X6 PIEZAS"},"content":{"rendered":"<p>Caracter\u00edsticas:<\/p>\n<p>Sellado herm\u00e9tico para conservar la frescura de tus alimentos y evitar derrames.<\/p>\n<p>Fabricadas en silicona de alta calidad, flexible y duradera para un uso prolongado.<\/p>\n<p>Set de 6 tapas de diferentes tama\u00f1os, ideales para todo tipo de recipientes (redondos, cuadrados o irregulares).<\/p>\n<p>Aptas para lavavajillas, microondas y congelador, facilitando su limpieza y uso diario.<\/p>\n<p>Alternativa ecol\u00f3gica a los envoltorios desechables, ayudando a cuidar el medio ambiente.<\/p>\n<p>Especificaciones:<\/p>\n<p>Tipo de art\u00edculo: Set de tapas de silicona reutilizables<\/p>\n<p>Material: Silicona de grado alimenticio<\/p>\n<p>Color: Azul (como se muestra en la imagen)<\/p>\n<p>Tama\u00f1os: 6 tama\u00f1os diferentes para m\u00faltiples usos<\/p>\n<p>Resistencia t\u00e9rmica: Apto para microondas, congelador y lavavajillas<\/p>\n<p>Peso: Aproximadamente 200 g en total<\/p>\n","protected":false},"excerpt":{"rendered":"<p>Caracter\u00edsticas: Sellado herm\u00e9tico para conservar la frescura de tus alimentos y evitar derrames. Fabricadas en silicona de alta calidad, flexible y duradera para un uso prolongado. Set de 6 tapas de diferentes tama\u00f1os, ideales para todo tipo de recipientes (redondos, cuadrados o irregulares). Aptas para lavavajillas, microondas y congelador, facilitando su limpieza y uso diario. [&hellip;]<\/p>\n","protected":false},"featured_media":5041,"comment_status":"open","ping_status":"closed","template":"","meta":{"pagelayer_contact_templates":[],"_pagelayer_content":""},"product_brand":[],"product_cat":[29,35],"product_tag":[],"class_list":{"0":"post-5031","1":"product","2":"type-product","3":"status-publish","4":"has-post-thumbnail","6":"product_cat-cocina","7":"product_cat-hogar","9":"first","10":"instock","11":"taxable","12":"shipping-taxable","13":"purchasable","14":"product-type-simple"},"aioseo_notices":[],"_links":{"self":[{"href":"https:\/\/www.latinoutlet.com\/index.php?rest_route=\/wp\/v2\/product\/5031","targetHints":{"allow":["GET"]}}],"collection":[{"href":"https:\/\/www.latinoutlet.com\/index.php?rest_route=\/wp\/v2\/product"}],"about":[{"href":"https:\/\/www.latinoutlet.com\/index.php?rest_route=\/wp\/v2\/types\/product"}],"replies":[{"embeddable":true,"href":"https:\/\/www.latinoutlet.com\/index.php?rest_route=%2Fwp%2Fv2%2Fcomments&post=5031"}],"wp:featuredmedia":[{"embeddable":true,"href":"https:\/\/www.latinoutlet.com\/index.php?rest_route=\/wp\/v2\/media\/5041"}],"wp:attachment":[{"href":"https:\/\/www.latinoutlet.com\/index.php?rest_route=%2Fwp%2Fv2%2Fmedia&parent=5031"}],"wp:term":[{"taxonomy":"product_brand","embeddable":true,"href":"https:\/\/www.latinoutlet.com\/index.php?rest_route=%2Fwp%2Fv2%2Fproduct_brand&post=5031"},{"taxonomy":"product_cat","embeddable":true,"href":"https:\/\/www.latinoutlet.com\/index.php?rest_route=%2Fwp%2Fv2%2Fproduct_cat&post=5031"},{"taxonomy":"product_tag","embeddable":true,"href":"https:\/\/www.latinoutlet.com\/index.php?rest_route=%2Fwp%2Fv2%2Fproduct_tag&post=5031"}],"curies":[{"name":"wp","href":"https:\/\/api.w.org\/{rel}","templated":true}]}}