{"id":5340,"date":"2025-09-16T17:36:24","date_gmt":"2025-09-16T17:36:24","guid":{"rendered":"https:\/\/www.latinoutlet.com\/?product=destapador-de-botellas-capgun"},"modified":"2025-09-16T17:37:08","modified_gmt":"2025-09-16T17:37:08","slug":"destapador-de-botellas-capgun","status":"publish","type":"product","link":"https:\/\/www.latinoutlet.com\/?product=destapador-de-botellas-capgun","title":{"rendered":"DESTAPADOR DE BOTELLAS CAPGUN"},"content":{"rendered":"<p>Destapador CAPGUN \u2013 Destapa y Dispara la Diversi\u00f3n<\/p>\n<p>\u00bfAbrir una cerveza? Hazlo como todo un profesional. Este destapador no solo abre tu botella, tambi\u00e9n lanza la tapa hasta 5 metros.<\/p>\n<p>Caracter\u00edsticas:<\/p>\n<p>Color: Rojo<\/p>\n<p>Medidas: 14 x 8 cm<\/p>\n<p>Dispara tapas hasta 5 metros<\/p>\n<p>Mecanismo de disparo seguro y f\u00e1cil de usar<\/p>\n<p>Ideal para fiestas, reuniones y como regalo<\/p>\n<p>Combina utilidad y entretenimiento en un solo gadget. S\u00e9 el alma de la fiesta con tu CAPGUN.<\/p>\n","protected":false},"excerpt":{"rendered":"<p>Destapador CAPGUN \u2013 Destapa y Dispara la Diversi\u00f3n \u00bfAbrir una cerveza? Hazlo como todo un profesional. Este destapador no solo abre tu botella, tambi\u00e9n lanza la tapa hasta 5 metros. Caracter\u00edsticas: Color: Rojo Medidas: 14 x 8 cm Dispara tapas hasta 5 metros Mecanismo de disparo seguro y f\u00e1cil de usar Ideal para fiestas, reuniones [&hellip;]<\/p>\n","protected":false},"featured_media":5346,"comment_status":"open","ping_status":"closed","template":"","meta":{"pagelayer_contact_templates":[],"_pagelayer_content":""},"product_brand":[],"product_cat":[35,39],"product_tag":[],"class_list":{"0":"post-5340","1":"product","2":"type-product","3":"status-publish","4":"has-post-thumbnail","6":"product_cat-hogar","7":"product_cat-tecnologia","9":"first","10":"instock","11":"taxable","12":"shipping-taxable","13":"purchasable","14":"product-type-simple"},"aioseo_notices":[],"_links":{"self":[{"href":"https:\/\/www.latinoutlet.com\/index.php?rest_route=\/wp\/v2\/product\/5340","targetHints":{"allow":["GET"]}}],"collection":[{"href":"https:\/\/www.latinoutlet.com\/index.php?rest_route=\/wp\/v2\/product"}],"about":[{"href":"https:\/\/www.latinoutlet.com\/index.php?rest_route=\/wp\/v2\/types\/product"}],"replies":[{"embeddable":true,"href":"https:\/\/www.latinoutlet.com\/index.php?rest_route=%2Fwp%2Fv2%2Fcomments&post=5340"}],"wp:featuredmedia":[{"embeddable":true,"href":"https:\/\/www.latinoutlet.com\/index.php?rest_route=\/wp\/v2\/media\/5346"}],"wp:attachment":[{"href":"https:\/\/www.latinoutlet.com\/index.php?rest_route=%2Fwp%2Fv2%2Fmedia&parent=5340"}],"wp:term":[{"taxonomy":"product_brand","embeddable":true,"href":"https:\/\/www.latinoutlet.com\/index.php?rest_route=%2Fwp%2Fv2%2Fproduct_brand&post=5340"},{"taxonomy":"product_cat","embeddable":true,"href":"https:\/\/www.latinoutlet.com\/index.php?rest_route=%2Fwp%2Fv2%2Fproduct_cat&post=5340"},{"taxonomy":"product_tag","embeddable":true,"href":"https:\/\/www.latinoutlet.com\/index.php?rest_route=%2Fwp%2Fv2%2Fproduct_tag&post=5340"}],"curies":[{"name":"wp","href":"https:\/\/api.w.org\/{rel}","templated":true}]}}