{"id":5347,"date":"2025-09-16T17:38:42","date_gmt":"2025-09-16T17:38:42","guid":{"rendered":"https:\/\/www.latinoutlet.com\/?product=molde-hervidor-de-huevos"},"modified":"2025-09-16T17:39:35","modified_gmt":"2025-09-16T17:39:35","slug":"molde-hervidor-de-huevos","status":"publish","type":"product","link":"https:\/\/www.latinoutlet.com\/?product=molde-hervidor-de-huevos","title":{"rendered":"MOLDE HERVIDOR DE HUEVOS"},"content":{"rendered":"<p>Moldes de Silicona para Huevos con Dise\u00f1os Creativos<\/p>\n<p>Fabricados con silicona de grado alimentario, segura y resistente al calor, estos moldes permiten cocinar huevos con presentaciones originales y atractivas. Solo rompe el huevo en el molde y col\u00f3calo en agua hirviendo; el molde mantendr\u00e1 la forma mientras se cocina, ideal para sorprender en tu mesa.<\/p>\n<p>Caracter\u00edsticas:<\/p>\n<p>Silicona segura: Material apto para alimentos y resistente al calor.<\/p>\n<p>Dise\u00f1o creativo: Moldes con formas l\u00fadicas para huevos hervidos \u00fanicos.<\/p>\n<p>F\u00e1cil de usar: Simplifica la preparaci\u00f3n de huevos con formas divertidas.<\/p>\n<p>Vers\u00e1til: Tambi\u00e9n apto para otras preparaciones como panqueques.<\/p>\n<p>F\u00e1cil limpieza: Silicona antiadherente para una limpieza r\u00e1pida y sencilla.<\/p>\n<p>Set de 6 moldes: Cocina varios huevos al mismo tiempo.<\/p>\n<p>Ideal para ni\u00f1os: Personaliza los platos y hace que la comida sea m\u00e1s divertida.<\/p>\n<p>Medidas:<\/p>\n<p>Largo: 6 cm<\/p>\n<p>Ancho: 5 cm<\/p>\n<p>Peso: 20 g cada molde<\/p>\n<p>Haz que la hora del desayuno sea divertida y creativa.<\/p>\n","protected":false},"excerpt":{"rendered":"<p>Moldes de Silicona para Huevos con Dise\u00f1os Creativos Fabricados con silicona de grado alimentario, segura y resistente al calor, estos moldes permiten cocinar huevos con presentaciones originales y atractivas. Solo rompe el huevo en el molde y col\u00f3calo en agua hirviendo; el molde mantendr\u00e1 la forma mientras se cocina, ideal para sorprender en tu mesa. [&hellip;]<\/p>\n","protected":false},"featured_media":5353,"comment_status":"open","ping_status":"closed","template":"","meta":{"pagelayer_contact_templates":[],"_pagelayer_content":""},"product_brand":[],"product_cat":[29,39],"product_tag":[],"class_list":{"0":"post-5347","1":"product","2":"type-product","3":"status-publish","4":"has-post-thumbnail","6":"product_cat-cocina","7":"product_cat-tecnologia","9":"first","10":"instock","11":"taxable","12":"shipping-taxable","13":"purchasable","14":"product-type-simple"},"aioseo_notices":[],"_links":{"self":[{"href":"https:\/\/www.latinoutlet.com\/index.php?rest_route=\/wp\/v2\/product\/5347","targetHints":{"allow":["GET"]}}],"collection":[{"href":"https:\/\/www.latinoutlet.com\/index.php?rest_route=\/wp\/v2\/product"}],"about":[{"href":"https:\/\/www.latinoutlet.com\/index.php?rest_route=\/wp\/v2\/types\/product"}],"replies":[{"embeddable":true,"href":"https:\/\/www.latinoutlet.com\/index.php?rest_route=%2Fwp%2Fv2%2Fcomments&post=5347"}],"wp:featuredmedia":[{"embeddable":true,"href":"https:\/\/www.latinoutlet.com\/index.php?rest_route=\/wp\/v2\/media\/5353"}],"wp:attachment":[{"href":"https:\/\/www.latinoutlet.com\/index.php?rest_route=%2Fwp%2Fv2%2Fmedia&parent=5347"}],"wp:term":[{"taxonomy":"product_brand","embeddable":true,"href":"https:\/\/www.latinoutlet.com\/index.php?rest_route=%2Fwp%2Fv2%2Fproduct_brand&post=5347"},{"taxonomy":"product_cat","embeddable":true,"href":"https:\/\/www.latinoutlet.com\/index.php?rest_route=%2Fwp%2Fv2%2Fproduct_cat&post=5347"},{"taxonomy":"product_tag","embeddable":true,"href":"https:\/\/www.latinoutlet.com\/index.php?rest_route=%2Fwp%2Fv2%2Fproduct_tag&post=5347"}],"curies":[{"name":"wp","href":"https:\/\/api.w.org\/{rel}","templated":true}]}}