{"id":5617,"date":"2025-09-16T20:28:42","date_gmt":"2025-09-16T20:28:42","guid":{"rendered":"https:\/\/www.latinoutlet.com\/?product=lampara-mata-mosquitos-y-zancudos"},"modified":"2025-09-16T20:30:13","modified_gmt":"2025-09-16T20:30:13","slug":"lampara-mata-mosquitos-y-zancudos","status":"publish","type":"product","link":"https:\/\/www.latinoutlet.com\/?product=lampara-mata-mosquitos-y-zancudos","title":{"rendered":"LAMPARA MATA MOSQUITOS Y ZANCUDOS"},"content":{"rendered":"<p>L\u00e1mpara Repelente El\u00e9ctrico \u2013 Mata Moscas y Mosquitos<\/p>\n<p>Elimina de manera eficaz insectos molestos en interiores y exteriores. Esta l\u00e1mpara atrae moscas, mosquitos y zancudos con luz UV y los elimina mediante un shock el\u00e9ctrico. F\u00e1cil de usar y limpiar, funciona con conexi\u00f3n a 220V para noches m\u00e1s tranquilas sin qu\u00edmicos ni olores.<\/p>\n<p>Especificaciones:<\/p>\n<p>Tama\u00f1o: 26 x 12 cm<\/p>\n<p>Potencia: 2W<\/p>\n<p>Voltaje: 220V<\/p>\n<p>Ideal para: moscas, mosquitos, zancudos y otros insectos voladores<\/p>\n","protected":false},"excerpt":{"rendered":"<p>L\u00e1mpara Repelente El\u00e9ctrico \u2013 Mata Moscas y Mosquitos Elimina de manera eficaz insectos molestos en interiores y exteriores. Esta l\u00e1mpara atrae moscas, mosquitos y zancudos con luz UV y los elimina mediante un shock el\u00e9ctrico. F\u00e1cil de usar y limpiar, funciona con conexi\u00f3n a 220V para noches m\u00e1s tranquilas sin qu\u00edmicos ni olores. Especificaciones: Tama\u00f1o: [&hellip;]<\/p>\n","protected":false},"featured_media":5626,"comment_status":"open","ping_status":"closed","template":"","meta":{"pagelayer_contact_templates":[],"_pagelayer_content":""},"product_brand":[],"product_cat":[35,39],"product_tag":[],"class_list":{"0":"post-5617","1":"product","2":"type-product","3":"status-publish","4":"has-post-thumbnail","6":"product_cat-hogar","7":"product_cat-tecnologia","9":"first","10":"instock","11":"taxable","12":"shipping-taxable","13":"purchasable","14":"product-type-simple"},"aioseo_notices":[],"_links":{"self":[{"href":"https:\/\/www.latinoutlet.com\/index.php?rest_route=\/wp\/v2\/product\/5617","targetHints":{"allow":["GET"]}}],"collection":[{"href":"https:\/\/www.latinoutlet.com\/index.php?rest_route=\/wp\/v2\/product"}],"about":[{"href":"https:\/\/www.latinoutlet.com\/index.php?rest_route=\/wp\/v2\/types\/product"}],"replies":[{"embeddable":true,"href":"https:\/\/www.latinoutlet.com\/index.php?rest_route=%2Fwp%2Fv2%2Fcomments&post=5617"}],"wp:featuredmedia":[{"embeddable":true,"href":"https:\/\/www.latinoutlet.com\/index.php?rest_route=\/wp\/v2\/media\/5626"}],"wp:attachment":[{"href":"https:\/\/www.latinoutlet.com\/index.php?rest_route=%2Fwp%2Fv2%2Fmedia&parent=5617"}],"wp:term":[{"taxonomy":"product_brand","embeddable":true,"href":"https:\/\/www.latinoutlet.com\/index.php?rest_route=%2Fwp%2Fv2%2Fproduct_brand&post=5617"},{"taxonomy":"product_cat","embeddable":true,"href":"https:\/\/www.latinoutlet.com\/index.php?rest_route=%2Fwp%2Fv2%2Fproduct_cat&post=5617"},{"taxonomy":"product_tag","embeddable":true,"href":"https:\/\/www.latinoutlet.com\/index.php?rest_route=%2Fwp%2Fv2%2Fproduct_tag&post=5617"}],"curies":[{"name":"wp","href":"https:\/\/api.w.org\/{rel}","templated":true}]}}