{"id":5730,"date":"2025-09-16T21:30:50","date_gmt":"2025-09-16T21:30:50","guid":{"rendered":"https:\/\/www.latinoutlet.com\/?product=organizador-de-huevos"},"modified":"2025-09-16T21:32:26","modified_gmt":"2025-09-16T21:32:26","slug":"organizador-de-huevos","status":"publish","type":"product","link":"https:\/\/www.latinoutlet.com\/?product=organizador-de-huevos","title":{"rendered":"ORGANIZADOR DE HUEVOS"},"content":{"rendered":"<p data-start=\"95\" data-end=\"135\"><strong data-start=\"95\" data-end=\"133\">Organizador de Huevos de 3 Niveles<\/strong><\/p>\n<p data-start=\"137\" data-end=\"363\">Mant\u00e9n tus huevos ordenados y seguros con este pr\u00e1ctico organizador apilable de tres niveles. Ideal para cocinas modernas, optimiza el espacio en tu refrigerador o encimera y mantiene los huevos siempre accesibles y frescos.<\/p>\n<ul data-start=\"365\" data-end=\"550\">\n<li data-start=\"365\" data-end=\"400\">\n<p data-start=\"367\" data-end=\"400\">Capacidad para m\u00faltiples huevos<\/p>\n<\/li>\n<li data-start=\"401\" data-end=\"430\">\n<p data-start=\"403\" data-end=\"430\">Dise\u00f1o modular y apilable<\/p>\n<\/li>\n<li data-start=\"431\" data-end=\"478\">\n<p data-start=\"433\" data-end=\"478\">Fabricado en material resistente y duradero<\/p>\n<\/li>\n<li data-start=\"479\" data-end=\"499\">\n<p data-start=\"481\" data-end=\"499\">F\u00e1cil de limpiar<\/p>\n<\/li>\n<li data-start=\"500\" data-end=\"550\">\n<p data-start=\"502\" data-end=\"550\">Ahorra espacio y mantiene la cocina organizada<\/p>\n<\/li>\n<\/ul>\n<p data-start=\"552\" data-end=\"629\">Una soluci\u00f3n funcional y est\u00e9tica para decirle adi\u00f3s a las cajas de cart\u00f3n.<\/p>\n","protected":false},"excerpt":{"rendered":"<p>Organizador de Huevos de 3 Niveles Mant\u00e9n tus huevos ordenados y seguros con este pr\u00e1ctico organizador apilable de tres niveles. Ideal para cocinas modernas, optimiza el espacio en tu refrigerador o encimera y mantiene los huevos siempre accesibles y frescos. Capacidad para m\u00faltiples huevos Dise\u00f1o modular y apilable Fabricado en material resistente y duradero F\u00e1cil [&hellip;]<\/p>\n","protected":false},"featured_media":5738,"comment_status":"open","ping_status":"closed","template":"","meta":{"pagelayer_contact_templates":[],"_pagelayer_content":""},"product_brand":[],"product_cat":[29],"product_tag":[],"class_list":{"0":"post-5730","1":"product","2":"type-product","3":"status-publish","4":"has-post-thumbnail","6":"product_cat-cocina","8":"first","9":"instock","10":"taxable","11":"shipping-taxable","12":"purchasable","13":"product-type-simple"},"aioseo_notices":[],"_links":{"self":[{"href":"https:\/\/www.latinoutlet.com\/index.php?rest_route=\/wp\/v2\/product\/5730","targetHints":{"allow":["GET"]}}],"collection":[{"href":"https:\/\/www.latinoutlet.com\/index.php?rest_route=\/wp\/v2\/product"}],"about":[{"href":"https:\/\/www.latinoutlet.com\/index.php?rest_route=\/wp\/v2\/types\/product"}],"replies":[{"embeddable":true,"href":"https:\/\/www.latinoutlet.com\/index.php?rest_route=%2Fwp%2Fv2%2Fcomments&post=5730"}],"wp:featuredmedia":[{"embeddable":true,"href":"https:\/\/www.latinoutlet.com\/index.php?rest_route=\/wp\/v2\/media\/5738"}],"wp:attachment":[{"href":"https:\/\/www.latinoutlet.com\/index.php?rest_route=%2Fwp%2Fv2%2Fmedia&parent=5730"}],"wp:term":[{"taxonomy":"product_brand","embeddable":true,"href":"https:\/\/www.latinoutlet.com\/index.php?rest_route=%2Fwp%2Fv2%2Fproduct_brand&post=5730"},{"taxonomy":"product_cat","embeddable":true,"href":"https:\/\/www.latinoutlet.com\/index.php?rest_route=%2Fwp%2Fv2%2Fproduct_cat&post=5730"},{"taxonomy":"product_tag","embeddable":true,"href":"https:\/\/www.latinoutlet.com\/index.php?rest_route=%2Fwp%2Fv2%2Fproduct_tag&post=5730"}],"curies":[{"name":"wp","href":"https:\/\/api.w.org\/{rel}","templated":true}]}}