{"id":5953,"date":"2025-09-16T22:43:25","date_gmt":"2025-09-16T22:43:25","guid":{"rendered":"https:\/\/www.latinoutlet.com\/?product=bolsa-termica"},"modified":"2025-09-16T22:44:19","modified_gmt":"2025-09-16T22:44:19","slug":"bolsa-termica","status":"publish","type":"product","link":"https:\/\/www.latinoutlet.com\/?product=bolsa-termica","title":{"rendered":"BOLSA TERMICA"},"content":{"rendered":"<p>Bolsa T\u00e9rmica de Agua Caliente y Fr\u00eda | 2 Litros<\/p>\n<p>Tu aliado perfecto contra el dolor y el malestar. Esta bolsa t\u00e9rmica de 2L es ideal para aliviar c\u00f3licos, dolores musculares, sinusitis, tensi\u00f3n y m\u00e1s, gracias a su uso dual con agua caliente o con hielo. Su dise\u00f1o ergon\u00f3mico y pr\u00e1ctico la hace c\u00f3moda, segura y muy efectiva.<\/p>\n<p>Caracter\u00edsticas destacadas:<\/p>\n<p>Capacidad de 2 litros<\/p>\n<p>Uso en fr\u00edo o calor seg\u00fan necesidad<\/p>\n<p>Tapa de rosca antigoteo<\/p>\n<p>Alivio eficaz para c\u00f3licos, migra\u00f1as, sinusitis y lesiones<\/p>\n<p>Material resistente y flexible<\/p>\n<p>Apta para adultos y ni\u00f1os<\/p>\n<p>Incluye:<br \/>\n1 bolsa t\u00e9rmica reutilizable (colores surtidos)<\/p>\n<p>Alivio instant\u00e1neo y bienestar en cualquier momento.<\/p>\n","protected":false},"excerpt":{"rendered":"<p>Bolsa T\u00e9rmica de Agua Caliente y Fr\u00eda | 2 Litros Tu aliado perfecto contra el dolor y el malestar. Esta bolsa t\u00e9rmica de 2L es ideal para aliviar c\u00f3licos, dolores musculares, sinusitis, tensi\u00f3n y m\u00e1s, gracias a su uso dual con agua caliente o con hielo. Su dise\u00f1o ergon\u00f3mico y pr\u00e1ctico la hace c\u00f3moda, segura [&hellip;]<\/p>\n","protected":false},"featured_media":5963,"comment_status":"open","ping_status":"closed","template":"","meta":{"pagelayer_contact_templates":[],"_pagelayer_content":""},"product_brand":[],"product_cat":[35,37],"product_tag":[],"class_list":{"0":"post-5953","1":"product","2":"type-product","3":"status-publish","4":"has-post-thumbnail","6":"product_cat-hogar","7":"product_cat-salud","9":"first","10":"instock","11":"taxable","12":"shipping-taxable","13":"purchasable","14":"product-type-simple"},"aioseo_notices":[],"_links":{"self":[{"href":"https:\/\/www.latinoutlet.com\/index.php?rest_route=\/wp\/v2\/product\/5953","targetHints":{"allow":["GET"]}}],"collection":[{"href":"https:\/\/www.latinoutlet.com\/index.php?rest_route=\/wp\/v2\/product"}],"about":[{"href":"https:\/\/www.latinoutlet.com\/index.php?rest_route=\/wp\/v2\/types\/product"}],"replies":[{"embeddable":true,"href":"https:\/\/www.latinoutlet.com\/index.php?rest_route=%2Fwp%2Fv2%2Fcomments&post=5953"}],"wp:featuredmedia":[{"embeddable":true,"href":"https:\/\/www.latinoutlet.com\/index.php?rest_route=\/wp\/v2\/media\/5963"}],"wp:attachment":[{"href":"https:\/\/www.latinoutlet.com\/index.php?rest_route=%2Fwp%2Fv2%2Fmedia&parent=5953"}],"wp:term":[{"taxonomy":"product_brand","embeddable":true,"href":"https:\/\/www.latinoutlet.com\/index.php?rest_route=%2Fwp%2Fv2%2Fproduct_brand&post=5953"},{"taxonomy":"product_cat","embeddable":true,"href":"https:\/\/www.latinoutlet.com\/index.php?rest_route=%2Fwp%2Fv2%2Fproduct_cat&post=5953"},{"taxonomy":"product_tag","embeddable":true,"href":"https:\/\/www.latinoutlet.com\/index.php?rest_route=%2Fwp%2Fv2%2Fproduct_tag&post=5953"}],"curies":[{"name":"wp","href":"https:\/\/api.w.org\/{rel}","templated":true}]}}