{"id":6384,"date":"2025-09-19T19:18:04","date_gmt":"2025-09-19T19:18:04","guid":{"rendered":"https:\/\/www.latinoutlet.com\/?product=licuadora-portatil-recargable-usb"},"modified":"2025-09-19T19:19:01","modified_gmt":"2025-09-19T19:19:01","slug":"licuadora-portatil-recargable-usb","status":"publish","type":"product","link":"https:\/\/www.latinoutlet.com\/?product=licuadora-portatil-recargable-usb","title":{"rendered":"LICUADORA PORT\u00c1TIL RECARGABLE USB"},"content":{"rendered":"<p>Botella Licuadora Port\u00e1til Recargable USB<\/p>\n<p>Lleva tus licuados a donde vayas. Con un dise\u00f1o elegante tipo vidrio, es pr\u00e1ctica, liviana y resistente. Ideal para un estilo de vida activo y saludable.<\/p>\n<p>Caracter\u00edsticas principales<\/p>\n<p>Perfecta para frutas blandas como banana, frutilla, durazno o kiwi.<\/p>\n<p>Se recomienda usar con agua o leche para un mejor licuado.<\/p>\n<p>Recargable por USB, ideal para cualquier lugar.<\/p>\n<p>Compacta y f\u00e1cil de transportar.<\/p>\n<p>No apta para triturar hielo antes de licuar (puede agregarse despu\u00e9s).<\/p>\n<p>Disfruta jugos y batidos frescos en cualquier momento.<\/p>\n","protected":false},"excerpt":{"rendered":"<p>Botella Licuadora Port\u00e1til Recargable USB Lleva tus licuados a donde vayas. Con un dise\u00f1o elegante tipo vidrio, es pr\u00e1ctica, liviana y resistente. Ideal para un estilo de vida activo y saludable. Caracter\u00edsticas principales Perfecta para frutas blandas como banana, frutilla, durazno o kiwi. Se recomienda usar con agua o leche para un mejor licuado. Recargable [&hellip;]<\/p>\n","protected":false},"featured_media":6390,"comment_status":"open","ping_status":"closed","template":"","meta":{"pagelayer_contact_templates":[],"_pagelayer_content":""},"product_brand":[],"product_cat":[29,35],"product_tag":[],"class_list":{"0":"post-6384","1":"product","2":"type-product","3":"status-publish","4":"has-post-thumbnail","6":"product_cat-cocina","7":"product_cat-hogar","9":"first","10":"instock","11":"taxable","12":"shipping-taxable","13":"purchasable","14":"product-type-simple"},"aioseo_notices":[],"_links":{"self":[{"href":"https:\/\/www.latinoutlet.com\/index.php?rest_route=\/wp\/v2\/product\/6384","targetHints":{"allow":["GET"]}}],"collection":[{"href":"https:\/\/www.latinoutlet.com\/index.php?rest_route=\/wp\/v2\/product"}],"about":[{"href":"https:\/\/www.latinoutlet.com\/index.php?rest_route=\/wp\/v2\/types\/product"}],"replies":[{"embeddable":true,"href":"https:\/\/www.latinoutlet.com\/index.php?rest_route=%2Fwp%2Fv2%2Fcomments&post=6384"}],"wp:featuredmedia":[{"embeddable":true,"href":"https:\/\/www.latinoutlet.com\/index.php?rest_route=\/wp\/v2\/media\/6390"}],"wp:attachment":[{"href":"https:\/\/www.latinoutlet.com\/index.php?rest_route=%2Fwp%2Fv2%2Fmedia&parent=6384"}],"wp:term":[{"taxonomy":"product_brand","embeddable":true,"href":"https:\/\/www.latinoutlet.com\/index.php?rest_route=%2Fwp%2Fv2%2Fproduct_brand&post=6384"},{"taxonomy":"product_cat","embeddable":true,"href":"https:\/\/www.latinoutlet.com\/index.php?rest_route=%2Fwp%2Fv2%2Fproduct_cat&post=6384"},{"taxonomy":"product_tag","embeddable":true,"href":"https:\/\/www.latinoutlet.com\/index.php?rest_route=%2Fwp%2Fv2%2Fproduct_tag&post=6384"}],"curies":[{"name":"wp","href":"https:\/\/api.w.org\/{rel}","templated":true}]}}