{"id":7137,"date":"2025-09-23T19:50:54","date_gmt":"2025-09-23T19:50:54","guid":{"rendered":"https:\/\/www.latinoutlet.com\/?product=enchufe-inteligente-bsd01"},"modified":"2025-09-23T19:52:09","modified_gmt":"2025-09-23T19:52:09","slug":"enchufe-inteligente-bsd01","status":"publish","type":"product","link":"https:\/\/www.latinoutlet.com\/?product=enchufe-inteligente-bsd01","title":{"rendered":"ENCHUFE INTELIGENTE BSD01"},"content":{"rendered":"<p>\u00a1S\u00famate al mundo de la inteligencia artificial!<\/p>\n<p>Tu aliado inteligente para hacer tu vida m\u00e1s f\u00e1cil.<\/p>\n<p>Beneficios principales:<\/p>\n<p>Automatiza tareas del hogar<\/p>\n<p>Controla dispositivos con tu voz<\/p>\n<p>Disfruta de una experiencia conectada y eficiente<\/p>\n<p>Haz de tu casa un hogar inteligente.<\/p>\n","protected":false},"excerpt":{"rendered":"<p>\u00a1S\u00famate al mundo de la inteligencia artificial! Tu aliado inteligente para hacer tu vida m\u00e1s f\u00e1cil. Beneficios principales: Automatiza tareas del hogar Controla dispositivos con tu voz Disfruta de una experiencia conectada y eficiente Haz de tu casa un hogar inteligente.<\/p>\n","protected":false},"featured_media":7141,"comment_status":"open","ping_status":"closed","template":"","meta":{"pagelayer_contact_templates":[],"_pagelayer_content":""},"product_brand":[],"product_cat":[35,39],"product_tag":[],"class_list":{"0":"post-7137","1":"product","2":"type-product","3":"status-publish","4":"has-post-thumbnail","6":"product_cat-hogar","7":"product_cat-tecnologia","9":"first","10":"instock","11":"taxable","12":"shipping-taxable","13":"purchasable","14":"product-type-simple"},"aioseo_notices":[],"_links":{"self":[{"href":"https:\/\/www.latinoutlet.com\/index.php?rest_route=\/wp\/v2\/product\/7137","targetHints":{"allow":["GET"]}}],"collection":[{"href":"https:\/\/www.latinoutlet.com\/index.php?rest_route=\/wp\/v2\/product"}],"about":[{"href":"https:\/\/www.latinoutlet.com\/index.php?rest_route=\/wp\/v2\/types\/product"}],"replies":[{"embeddable":true,"href":"https:\/\/www.latinoutlet.com\/index.php?rest_route=%2Fwp%2Fv2%2Fcomments&post=7137"}],"wp:featuredmedia":[{"embeddable":true,"href":"https:\/\/www.latinoutlet.com\/index.php?rest_route=\/wp\/v2\/media\/7141"}],"wp:attachment":[{"href":"https:\/\/www.latinoutlet.com\/index.php?rest_route=%2Fwp%2Fv2%2Fmedia&parent=7137"}],"wp:term":[{"taxonomy":"product_brand","embeddable":true,"href":"https:\/\/www.latinoutlet.com\/index.php?rest_route=%2Fwp%2Fv2%2Fproduct_brand&post=7137"},{"taxonomy":"product_cat","embeddable":true,"href":"https:\/\/www.latinoutlet.com\/index.php?rest_route=%2Fwp%2Fv2%2Fproduct_cat&post=7137"},{"taxonomy":"product_tag","embeddable":true,"href":"https:\/\/www.latinoutlet.com\/index.php?rest_route=%2Fwp%2Fv2%2Fproduct_tag&post=7137"}],"curies":[{"name":"wp","href":"https:\/\/api.w.org\/{rel}","templated":true}]}}